{"id":96,"date":"2021-04-27T19:51:37","date_gmt":"2021-04-27T22:51:37","guid":{"rendered":"http:\/\/starlinkinformatica.com.br\/?page_id=96"},"modified":"2021-04-27T20:22:15","modified_gmt":"2021-04-27T23:22:15","slug":"consultoria-de-arquitetura-de-dados-bigdata","status":"publish","type":"page","link":"http:\/\/starlinkinformatica.com.br\/?page_id=96","title":{"rendered":"Consultoria de arquitetura de dados (BigData)"},"content":{"rendered":"\n<p>Quando pensamos em Big Data, \u00e9 comum fazermos uma tradu\u00e7\u00e3o liter\u00e1ria do texto e imaginamos \u201cGrandes Dados\u201d, relacionado \u00e0 grande quantidade de dados a ser analisado. Mas o termo \u00e9 um pouco mais abrangente, levando como base os 3 Vs do Big Data.<\/p>\n\n\n\n<p><strong>Volume<\/strong>, que est\u00e1 relacionado \u00e0 grande quantidade de dados que possu\u00edmos dentro e fora da empresa; o segundo \u00e9 a&nbsp;<strong>Velocidade<\/strong>, pois a cada segundo muitos dados novos s\u00e3o criados na internet, e alguns destes dados podem ser interessantes para sua empresa; o terceiro e \u00faltimo est\u00e1 relacionado \u00e0&nbsp;<strong>Variedade<\/strong>, sendo que o dado pode ser um compartilhamento de um texto em uma rede social, um post no blog, um review em um e-commerce.<\/p>\n\n\n\n<p>Juntando estes tr\u00eas pilares, \u00e9 poss\u00edvel analisar praticamente tudo que est\u00e1 p\u00fablico, envolvendo dados estruturados, no caso de n\u00f3s conhecermos a estrutura de armazenamento daquele contexto, e tamb\u00e9m os dados n\u00e3o estruturados, como imagens, v\u00eddeos, \u00e1udios e documentos.<\/p>\n\n\n\n<p>Com armazenamento, an\u00e1lise l\u00f3gica e aplicativos integrados, o Big Data ajuda a impulsionar a efici\u00eancia e a qualidade, al\u00e9m de produtos e servi\u00e7os personalizados, produzindo n\u00edveis superiores de satisfa\u00e7\u00e3o e experi\u00eancia do cliente.<\/p>\n\n\n\n<p>Por isso, mais que ter acesso a uma grande quantidade de dados, \u00e9 necess\u00e1rio trat\u00e1-los de maneira correta, visando sempre agregar diferencial aos objetivos da empresa, como por exemplo:<\/p>\n\n\n\n<p>\u2022 Redu\u00e7\u00e3o de custos;<\/p>\n\n\n\n<p>\u2022 Economia de tempo;<\/p>\n\n\n\n<p>\u2022 Desenvolvimento de produtos e otimiza\u00e7\u00e3o de ofertas;<\/p>\n\n\n\n<p>\u2022 Otimiza\u00e7\u00e3o das tomadas de decis\u00e3o;<\/p>\n\n\n\n<p>\u2022 Aumento de produtividade;<\/p>\n\n\n\n<p>\u2022 Redu\u00e7\u00e3o de desperd\u00edcios;<\/p>\n\n\n\n<p>A StarLink conta com um time especializado de Arquitetos e engenheiros de Dados, Analistas de neg\u00f3cios para lhes ajudar com a sua demanda. Auxiliamos sua equipe com o desenho e constru\u00e7\u00e3o de uma arquitetura de dados<\/p>\n\n\n\n<p class=\"has-palette-color-5-color has-palette-color-1-background-color has-text-color has-background\">Contate-nos e veja como podemos te ajudar nesse processo!<\/p>\n\n\n\n<div class=\"forminator-guttenberg\"><div class=\"forminator-ui forminator-custom-form forminator-custom-form-103 forminator-design--flat  forminator_ajax\" data-forminator-render=\"0\" data-form=\"forminator-module-103\"><br\/><\/div><form\n\t\t\t\tid=\"forminator-module-103\"\n\t\t\t\tclass=\"forminator-ui forminator-custom-form forminator-custom-form-103 forminator-design--flat  forminator_ajax\"\n\t\t\t\taction=\"\"\n\t\t\t\tmethod=\"post\"\n\t\t\t\tdata-forminator-render=\"0\"\n\t\t\t\tdata-form-id=\"103\"\n\t\t\t\t\n\t\t\t\tdata-design=\"flat\"\n\t\t\t\t\n\t\t\t\t\n\t\t\t\t\n\t\t\t\tdata-grid=\"open\"\n\t\t\t\t\n\t\t\t\t\n\t\t\t\tstyle=\"display: none;\"\n\t\t\t><div class=\"forminator-response-message forminator-error\" aria-hidden=\"true\"><\/div><div class=\"forminator-row\"><div id=\"name-1\" class=\"forminator-col forminator-col-12 \"><div class=\"forminator-field\"><label for=\"forminator-field-name-1\" class=\"forminator-label\">Nome: <span class=\"forminator-required\">*<\/span><\/label><input type=\"text\" name=\"name-1\" value=\"\" placeholder=\"E.x. \" id=\"forminator-field-name-1\" class=\"forminator-input forminator-name--field\" aria-required=\"true\" \/><\/div><\/div><\/div><div class=\"forminator-row\"><div id=\"name-3\" class=\"forminator-col forminator-col-12 \"><div class=\"forminator-field\"><label for=\"forminator-field-name-3\" class=\"forminator-label\">Empresa: <span class=\"forminator-required\">*<\/span><\/label><input type=\"text\" name=\"name-3\" value=\"\" placeholder=\"E.x. \" id=\"forminator-field-name-3\" class=\"forminator-input forminator-name--field\" aria-required=\"true\" \/><\/div><\/div><\/div><div class=\"forminator-row\"><div id=\"email-1\" class=\"forminator-col forminator-col-6 \"><div class=\"forminator-field\"><label for=\"forminator-field-email-1\" class=\"forminator-label\">E-mail: <span class=\"forminator-required\">*<\/span><\/label><input type=\"email\" name=\"email-1\" value=\"\" placeholder=\"@.com\" id=\"forminator-field-email-1\" class=\"forminator-input forminator-email--field\" data-required=\"true\" aria-required=\"true\" \/><\/div><\/div><div id=\"phone-1\" class=\"forminator-col forminator-col-6 \"><div class=\"forminator-field\"><label for=\"forminator-field-phone-1\" class=\"forminator-label\">Telefone: <span class=\"forminator-required\">*<\/span><\/label><input type=\"text\" name=\"phone-1\" value=\"\" placeholder=\"+55 (11) 0000-0000\" id=\"forminator-field-phone-1\" class=\"forminator-input forminator-field--phone\" data-required=\"1\" aria-required=\"true\" autocomplete=\"off\" \/><\/div><\/div><\/div><div class=\"forminator-row\"><div id=\"checkbox-1\" class=\"forminator-col forminator-col-12 \"><div class=\"forminator-field\"><label class=\"forminator-label\">Assunto:<\/label><label for=\"forminator-field-checkbox-1-1-6a060573403da\" class=\"forminator-checkbox forminator-checkbox-inline\"><input type=\"checkbox\" name=\"checkbox-1[]\" value=\"produtos\" id=\"forminator-field-checkbox-1-1-6a060573403da\" data-calculation=\"0\"  \/><span aria-hidden=\"true\"><\/span><span>Produtos<\/span><\/label><label for=\"forminator-field-checkbox-1-2-6a060573403da\" class=\"forminator-checkbox forminator-checkbox-inline\"><input type=\"checkbox\" name=\"checkbox-1[]\" value=\"sugestes\" id=\"forminator-field-checkbox-1-2-6a060573403da\" data-calculation=\"0\"  \/><span aria-hidden=\"true\"><\/span><span>Sugest\u00f5es<\/span><\/label><label for=\"forminator-field-checkbox-1-3-6a060573403da\" class=\"forminator-checkbox forminator-checkbox-inline\"><input type=\"checkbox\" name=\"checkbox-1[]\" value=\"parcerias\" id=\"forminator-field-checkbox-1-3-6a060573403da\" data-calculation=\"0\"  \/><span aria-hidden=\"true\"><\/span><span>Parcerias<\/span><\/label><label for=\"forminator-field-checkbox-1-4-6a060573403da\" class=\"forminator-checkbox forminator-checkbox-inline\"><input type=\"checkbox\" name=\"checkbox-1[]\" value=\"tcnico\" id=\"forminator-field-checkbox-1-4-6a060573403da\" data-calculation=\"0\"  \/><span aria-hidden=\"true\"><\/span><span>T\u00e9cnico<\/span><\/label><\/div><\/div><\/div><div class=\"forminator-row\"><div id=\"textarea-1\" class=\"forminator-col forminator-col-12 \"><div class=\"forminator-field\"><label for=\"forminator-field-textarea-1\" class=\"forminator-label\">Mensagem: <span class=\"forminator-required\">*<\/span><\/label><textarea name=\"textarea-1\" placeholder=\"Escreva sua mensagem\" id=\"forminator-field-textarea-1\" class=\"forminator-textarea\" height=\"50\" style=\"min-height:px;\" maxlength=\"180\" ><\/textarea><span class=\"forminator-description\"><span data-limit=\"180\" data-type=\"characters\">0 \/ 180<\/span><\/span><\/div><\/div><\/div><input type=\"hidden\" name=\"referer_url\" value=\"\" \/><div class=\"forminator-row forminator-row-last\"><div class=\"forminator-col\"><div id=\"submit\" class=\"forminator-field\"><button class=\"forminator-button forminator-button-submit\">Enviar<\/button><\/div><\/div><\/div><input type=\"hidden\" id=\"forminator_nonce\" name=\"forminator_nonce\" value=\"af96bc850f\" \/><input type=\"hidden\" name=\"_wp_http_referer\" value=\"\/index.php?rest_route=%2Fwp%2Fv2%2Fpages%2F96\" \/><input type=\"hidden\" name=\"form_id\" value=\"103\"><input type=\"hidden\" name=\"page_id\" value=\"96\"><input type=\"hidden\" name=\"form_type\" value=\"default\"><input type=\"hidden\" name=\"current_url\" value=\"http:\/\/starlinkinformatica.com.br\/?rest_route=%2Fwp%2Fv2%2Fpages%2F96\"><input type=\"hidden\" name=\"render_id\" value=\"0\"><input type=\"hidden\" name=\"action\" value=\"forminator_submit_form_custom-forms\"><\/form><\/div>\n\n\n\n<p><\/p>\n","protected":false},"excerpt":{"rendered":"<p>Quando pensamos em Big Data, \u00e9 comum fazermos uma tradu\u00e7\u00e3o liter\u00e1ria do texto e imaginamos \u201cGrandes Dados\u201d, relacionado \u00e0 grande quantidade de dados a ser analisado. Mas o termo \u00e9 um pouco mais abrangente, levando como base os 3 Vs do Big Data. Volume, que est\u00e1 relacionado \u00e0 grande quantidade de dados que possu\u00edmos dentro e fora da empresa; o segundo \u00e9 a&nbsp;Velocidade, pois a cada segundo muitos dados novos s\u00e3o criados na internet, e alguns destes dados podem ser interessantes para sua empresa; o terceiro e \u00faltimo est\u00e1 relacionado \u00e0&nbsp;Variedade, sendo que o dado pode ser um compartilhamento de\u2026<\/p>\n","protected":false},"author":1,"featured_media":97,"parent":0,"menu_order":0,"comment_status":"closed","ping_status":"closed","template":"","meta":[],"blocksy_meta":"","_links":{"self":[{"href":"http:\/\/starlinkinformatica.com.br\/index.php?rest_route=\/wp\/v2\/pages\/96"}],"collection":[{"href":"http:\/\/starlinkinformatica.com.br\/index.php?rest_route=\/wp\/v2\/pages"}],"about":[{"href":"http:\/\/starlinkinformatica.com.br\/index.php?rest_route=\/wp\/v2\/types\/page"}],"author":[{"embeddable":true,"href":"http:\/\/starlinkinformatica.com.br\/index.php?rest_route=\/wp\/v2\/users\/1"}],"replies":[{"embeddable":true,"href":"http:\/\/starlinkinformatica.com.br\/index.php?rest_route=%2Fwp%2Fv2%2Fcomments&post=96"}],"version-history":[{"count":2,"href":"http:\/\/starlinkinformatica.com.br\/index.php?rest_route=\/wp\/v2\/pages\/96\/revisions"}],"predecessor-version":[{"id":104,"href":"http:\/\/starlinkinformatica.com.br\/index.php?rest_route=\/wp\/v2\/pages\/96\/revisions\/104"}],"wp:featuredmedia":[{"embeddable":true,"href":"http:\/\/starlinkinformatica.com.br\/index.php?rest_route=\/wp\/v2\/media\/97"}],"wp:attachment":[{"href":"http:\/\/starlinkinformatica.com.br\/index.php?rest_route=%2Fwp%2Fv2%2Fmedia&parent=96"}],"curies":[{"name":"wp","href":"https:\/\/api.w.org\/{rel}","templated":true}]}}