{"id":451,"date":"2021-04-28T14:42:37","date_gmt":"2021-04-28T17:42:37","guid":{"rendered":"http:\/\/starlinkinformatica.com.br\/?page_id=451"},"modified":"2021-04-28T14:42:45","modified_gmt":"2021-04-28T17:42:45","slug":"suporte-e-manutencao-preventiva","status":"publish","type":"page","link":"http:\/\/starlinkinformatica.com.br\/?page_id=451","title":{"rendered":"Suporte e Manuten\u00e7\u00e3o Preventiva"},"content":{"rendered":"\n<p>Utilizamos nossa estrutura e equipe altamente capacitada para atender as necessidades de nossos clientes, que v\u00e3o desde atendimento t\u00e9cnico para corre\u00e7\u00e3o de problemas at\u00e9 o servi\u00e7o de consultoria para implementa\u00e7\u00e3o de novos recursos e ferramentas ou otimiza\u00e7\u00e3o do cen\u00e1rio atual.<\/p>\n\n\n\n<p>Este servi\u00e7o inclui o entendimento das capacidades f\u00edsicas e t\u00e9cnicas dos equipamentos, atualiza\u00e7\u00e3o de firmware\/software e an\u00e1lise de compatibilidade entre os dispositivos interconectados.<\/p>\n\n\n\n<p>Podemos tamb\u00e9m realizar a administra\u00e7\u00e3o do ambiente instalada. Com esta atividade visamos manter os equipamentos atualizados, conseguindo mapear as vers\u00f5es instaladas, fornecendo detalhes e aux\u00edlio para modifica\u00e7\u00f5es t\u00e9cnicas e introdu\u00e7\u00e3o de novos produtos, preparando relat\u00f3rios de monitora\u00e7\u00e3o e atividades, sempre se ajustando as necessidades do cliente.<\/p>\n\n\n\n<p class=\"has-palette-color-5-color has-palette-color-1-background-color has-text-color has-background\"><br>Contate-nos e veja como podemos te ajudar nesse processo!<\/p>\n\n\n\n<div class=\"forminator-guttenberg\"><div class=\"forminator-ui forminator-custom-form forminator-custom-form-103 forminator-design--flat  forminator_ajax\" data-forminator-render=\"0\" data-form=\"forminator-module-103\"><br\/><\/div><form\n\t\t\t\tid=\"forminator-module-103\"\n\t\t\t\tclass=\"forminator-ui forminator-custom-form forminator-custom-form-103 forminator-design--flat  forminator_ajax\"\n\t\t\t\taction=\"\"\n\t\t\t\tmethod=\"post\"\n\t\t\t\tdata-forminator-render=\"0\"\n\t\t\t\tdata-form-id=\"103\"\n\t\t\t\t\n\t\t\t\tdata-design=\"flat\"\n\t\t\t\t\n\t\t\t\t\n\t\t\t\t\n\t\t\t\tdata-grid=\"open\"\n\t\t\t\t\n\t\t\t\t\n\t\t\t\tstyle=\"display: none;\"\n\t\t\t><div class=\"forminator-response-message forminator-error\" aria-hidden=\"true\"><\/div><div class=\"forminator-row\"><div id=\"name-1\" class=\"forminator-col forminator-col-12 \"><div class=\"forminator-field\"><label for=\"forminator-field-name-1\" class=\"forminator-label\">Nome: <span class=\"forminator-required\">*<\/span><\/label><input type=\"text\" name=\"name-1\" value=\"\" placeholder=\"E.x. \" id=\"forminator-field-name-1\" class=\"forminator-input forminator-name--field\" aria-required=\"true\" \/><\/div><\/div><\/div><div class=\"forminator-row\"><div id=\"name-3\" class=\"forminator-col forminator-col-12 \"><div class=\"forminator-field\"><label for=\"forminator-field-name-3\" class=\"forminator-label\">Empresa: <span class=\"forminator-required\">*<\/span><\/label><input type=\"text\" name=\"name-3\" value=\"\" placeholder=\"E.x. \" id=\"forminator-field-name-3\" class=\"forminator-input forminator-name--field\" aria-required=\"true\" \/><\/div><\/div><\/div><div class=\"forminator-row\"><div id=\"email-1\" class=\"forminator-col forminator-col-6 \"><div class=\"forminator-field\"><label for=\"forminator-field-email-1\" class=\"forminator-label\">E-mail: <span class=\"forminator-required\">*<\/span><\/label><input type=\"email\" name=\"email-1\" value=\"\" placeholder=\"@.com\" id=\"forminator-field-email-1\" class=\"forminator-input forminator-email--field\" data-required=\"true\" aria-required=\"true\" \/><\/div><\/div><div id=\"phone-1\" class=\"forminator-col forminator-col-6 \"><div class=\"forminator-field\"><label for=\"forminator-field-phone-1\" class=\"forminator-label\">Telefone: <span class=\"forminator-required\">*<\/span><\/label><input type=\"text\" name=\"phone-1\" value=\"\" placeholder=\"+55 (11) 0000-0000\" id=\"forminator-field-phone-1\" class=\"forminator-input forminator-field--phone\" data-required=\"1\" aria-required=\"true\" autocomplete=\"off\" \/><\/div><\/div><\/div><div class=\"forminator-row\"><div id=\"checkbox-1\" class=\"forminator-col forminator-col-12 \"><div class=\"forminator-field\"><label class=\"forminator-label\">Assunto:<\/label><label for=\"forminator-field-checkbox-1-1-6a06150823102\" class=\"forminator-checkbox forminator-checkbox-inline\"><input type=\"checkbox\" name=\"checkbox-1[]\" value=\"produtos\" id=\"forminator-field-checkbox-1-1-6a06150823102\" data-calculation=\"0\"  \/><span aria-hidden=\"true\"><\/span><span>Produtos<\/span><\/label><label for=\"forminator-field-checkbox-1-2-6a06150823102\" class=\"forminator-checkbox forminator-checkbox-inline\"><input type=\"checkbox\" name=\"checkbox-1[]\" value=\"sugestes\" id=\"forminator-field-checkbox-1-2-6a06150823102\" data-calculation=\"0\"  \/><span aria-hidden=\"true\"><\/span><span>Sugest\u00f5es<\/span><\/label><label for=\"forminator-field-checkbox-1-3-6a06150823102\" class=\"forminator-checkbox forminator-checkbox-inline\"><input type=\"checkbox\" name=\"checkbox-1[]\" value=\"parcerias\" id=\"forminator-field-checkbox-1-3-6a06150823102\" data-calculation=\"0\"  \/><span aria-hidden=\"true\"><\/span><span>Parcerias<\/span><\/label><label for=\"forminator-field-checkbox-1-4-6a06150823102\" class=\"forminator-checkbox forminator-checkbox-inline\"><input type=\"checkbox\" name=\"checkbox-1[]\" value=\"tcnico\" id=\"forminator-field-checkbox-1-4-6a06150823102\" data-calculation=\"0\"  \/><span aria-hidden=\"true\"><\/span><span>T\u00e9cnico<\/span><\/label><\/div><\/div><\/div><div class=\"forminator-row\"><div id=\"textarea-1\" class=\"forminator-col forminator-col-12 \"><div class=\"forminator-field\"><label for=\"forminator-field-textarea-1\" class=\"forminator-label\">Mensagem: <span class=\"forminator-required\">*<\/span><\/label><textarea name=\"textarea-1\" placeholder=\"Escreva sua mensagem\" id=\"forminator-field-textarea-1\" class=\"forminator-textarea\" height=\"50\" style=\"min-height:px;\" maxlength=\"180\" ><\/textarea><span class=\"forminator-description\"><span data-limit=\"180\" data-type=\"characters\">0 \/ 180<\/span><\/span><\/div><\/div><\/div><input type=\"hidden\" name=\"referer_url\" value=\"\" \/><div class=\"forminator-row forminator-row-last\"><div class=\"forminator-col\"><div id=\"submit\" class=\"forminator-field\"><button class=\"forminator-button forminator-button-submit\">Enviar<\/button><\/div><\/div><\/div><input type=\"hidden\" id=\"forminator_nonce\" name=\"forminator_nonce\" value=\"af96bc850f\" \/><input type=\"hidden\" name=\"_wp_http_referer\" value=\"\/index.php?rest_route=%2Fwp%2Fv2%2Fpages%2F451\" \/><input type=\"hidden\" name=\"form_id\" value=\"103\"><input type=\"hidden\" name=\"page_id\" value=\"451\"><input type=\"hidden\" name=\"form_type\" value=\"default\"><input type=\"hidden\" name=\"current_url\" value=\"http:\/\/starlinkinformatica.com.br\/?rest_route=%2Fwp%2Fv2%2Fpages%2F451\"><input type=\"hidden\" name=\"render_id\" value=\"0\"><input type=\"hidden\" name=\"action\" value=\"forminator_submit_form_custom-forms\"><\/form><\/div>\n\n\n\n<p><\/p>\n","protected":false},"excerpt":{"rendered":"<p>Utilizamos nossa estrutura e equipe altamente capacitada para atender as necessidades de nossos clientes, que v\u00e3o desde atendimento t\u00e9cnico para corre\u00e7\u00e3o de problemas at\u00e9 o servi\u00e7o de consultoria para implementa\u00e7\u00e3o de novos recursos e ferramentas ou otimiza\u00e7\u00e3o do cen\u00e1rio atual. Este servi\u00e7o inclui o entendimento das capacidades f\u00edsicas e t\u00e9cnicas dos equipamentos, atualiza\u00e7\u00e3o de firmware\/software e an\u00e1lise de compatibilidade entre os dispositivos interconectados. Podemos tamb\u00e9m realizar a administra\u00e7\u00e3o do ambiente instalada. Com esta atividade visamos manter os equipamentos atualizados, conseguindo mapear as vers\u00f5es instaladas, fornecendo detalhes e aux\u00edlio para modifica\u00e7\u00f5es t\u00e9cnicas e introdu\u00e7\u00e3o de novos produtos, preparando relat\u00f3rios de monitora\u00e7\u00e3o\u2026<\/p>\n","protected":false},"author":1,"featured_media":452,"parent":0,"menu_order":0,"comment_status":"closed","ping_status":"closed","template":"","meta":[],"blocksy_meta":"","_links":{"self":[{"href":"http:\/\/starlinkinformatica.com.br\/index.php?rest_route=\/wp\/v2\/pages\/451"}],"collection":[{"href":"http:\/\/starlinkinformatica.com.br\/index.php?rest_route=\/wp\/v2\/pages"}],"about":[{"href":"http:\/\/starlinkinformatica.com.br\/index.php?rest_route=\/wp\/v2\/types\/page"}],"author":[{"embeddable":true,"href":"http:\/\/starlinkinformatica.com.br\/index.php?rest_route=\/wp\/v2\/users\/1"}],"replies":[{"embeddable":true,"href":"http:\/\/starlinkinformatica.com.br\/index.php?rest_route=%2Fwp%2Fv2%2Fcomments&post=451"}],"version-history":[{"count":1,"href":"http:\/\/starlinkinformatica.com.br\/index.php?rest_route=\/wp\/v2\/pages\/451\/revisions"}],"predecessor-version":[{"id":453,"href":"http:\/\/starlinkinformatica.com.br\/index.php?rest_route=\/wp\/v2\/pages\/451\/revisions\/453"}],"wp:featuredmedia":[{"embeddable":true,"href":"http:\/\/starlinkinformatica.com.br\/index.php?rest_route=\/wp\/v2\/media\/452"}],"wp:attachment":[{"href":"http:\/\/starlinkinformatica.com.br\/index.php?rest_route=%2Fwp%2Fv2%2Fmedia&parent=451"}],"curies":[{"name":"wp","href":"https:\/\/api.w.org\/{rel}","templated":true}]}}