{"id":411,"date":"2021-04-28T13:16:08","date_gmt":"2021-04-28T16:16:08","guid":{"rendered":"http:\/\/starlinkinformatica.com.br\/?page_id=411"},"modified":"2021-04-30T18:17:28","modified_gmt":"2021-04-30T21:17:28","slug":"alta-dispobinilidade","status":"publish","type":"page","link":"http:\/\/starlinkinformatica.com.br\/?page_id=411","title":{"rendered":"Alta disponibilidade"},"content":{"rendered":"\n<p>Seu ambiente precisa estar online 24 horas por dia, 7 dias por semana, 365 dias por ano? <\/p>\n\n\n\n<p>Se as aplica\u00e7\u00f5es, servidores ou dados cr\u00edticos ficarem indispon\u00edveis, todo seu ambiente pode ser prejudicado! Perda de receita, clientes insatisfeitos e multas ter\u00e3o um efeito negativo na reputa\u00e7\u00e3o de sua empresa.<\/p>\n\n\n\n<p><strong>Proteja-se de falhas no servidor:<\/strong> Obtenha solu\u00e7\u00f5es que contam com redund\u00e2ncia e clusters em m\u00faltiplos n\u00edveis, protegendo-se de falhas f\u00edsicas ou l\u00f3gicas.<br><br><strong>Proteja-se de falhas em sites: <\/strong>Solu\u00e7\u00f5es de Disaster Recovery e replica\u00e7\u00e3o para que seu ambiente se mantenha dispon\u00edvel mesmo com a perda do site.<\/p>\n\n\n\n<p>Execute upgrade se downtime: Permita que voc\u00ea atualize seu ambiente de forma n\u00e3o disruptiva.<\/p>\n\n\n\n<p class=\"has-palette-color-5-color has-palette-color-1-background-color has-text-color has-background\">Contate-nos e veja como podemos te ajudar nesse processo!<\/p>\n\n\n\n<div class=\"forminator-guttenberg\"><div class=\"forminator-ui forminator-custom-form forminator-custom-form-103 forminator-design--flat  forminator_ajax\" data-forminator-render=\"0\" data-form=\"forminator-module-103\"><br\/><\/div><form\n\t\t\t\tid=\"forminator-module-103\"\n\t\t\t\tclass=\"forminator-ui forminator-custom-form forminator-custom-form-103 forminator-design--flat  forminator_ajax\"\n\t\t\t\taction=\"\"\n\t\t\t\tmethod=\"post\"\n\t\t\t\tdata-forminator-render=\"0\"\n\t\t\t\tdata-form-id=\"103\"\n\t\t\t\t\n\t\t\t\tdata-design=\"flat\"\n\t\t\t\t\n\t\t\t\t\n\t\t\t\t\n\t\t\t\tdata-grid=\"open\"\n\t\t\t\t\n\t\t\t\t\n\t\t\t\tstyle=\"display: none;\"\n\t\t\t><div class=\"forminator-response-message forminator-error\" aria-hidden=\"true\"><\/div><div class=\"forminator-row\"><div id=\"name-1\" class=\"forminator-col forminator-col-12 \"><div class=\"forminator-field\"><label for=\"forminator-field-name-1\" class=\"forminator-label\">Nome: <span class=\"forminator-required\">*<\/span><\/label><input type=\"text\" name=\"name-1\" value=\"\" placeholder=\"E.x. \" id=\"forminator-field-name-1\" class=\"forminator-input forminator-name--field\" aria-required=\"true\" \/><\/div><\/div><\/div><div class=\"forminator-row\"><div id=\"name-3\" class=\"forminator-col forminator-col-12 \"><div class=\"forminator-field\"><label for=\"forminator-field-name-3\" class=\"forminator-label\">Empresa: <span class=\"forminator-required\">*<\/span><\/label><input type=\"text\" name=\"name-3\" value=\"\" placeholder=\"E.x. \" id=\"forminator-field-name-3\" class=\"forminator-input forminator-name--field\" aria-required=\"true\" \/><\/div><\/div><\/div><div class=\"forminator-row\"><div id=\"email-1\" class=\"forminator-col forminator-col-6 \"><div class=\"forminator-field\"><label for=\"forminator-field-email-1\" class=\"forminator-label\">E-mail: <span class=\"forminator-required\">*<\/span><\/label><input type=\"email\" name=\"email-1\" value=\"\" placeholder=\"@.com\" id=\"forminator-field-email-1\" class=\"forminator-input forminator-email--field\" data-required=\"true\" aria-required=\"true\" \/><\/div><\/div><div id=\"phone-1\" class=\"forminator-col forminator-col-6 \"><div class=\"forminator-field\"><label for=\"forminator-field-phone-1\" class=\"forminator-label\">Telefone: <span class=\"forminator-required\">*<\/span><\/label><input type=\"text\" name=\"phone-1\" value=\"\" placeholder=\"+55 (11) 0000-0000\" id=\"forminator-field-phone-1\" class=\"forminator-input forminator-field--phone\" data-required=\"1\" aria-required=\"true\" autocomplete=\"off\" \/><\/div><\/div><\/div><div class=\"forminator-row\"><div id=\"checkbox-1\" class=\"forminator-col forminator-col-12 \"><div class=\"forminator-field\"><label class=\"forminator-label\">Assunto:<\/label><label for=\"forminator-field-checkbox-1-1-6a05fb0aeb6a3\" class=\"forminator-checkbox forminator-checkbox-inline\"><input type=\"checkbox\" name=\"checkbox-1[]\" value=\"produtos\" id=\"forminator-field-checkbox-1-1-6a05fb0aeb6a3\" data-calculation=\"0\"  \/><span aria-hidden=\"true\"><\/span><span>Produtos<\/span><\/label><label for=\"forminator-field-checkbox-1-2-6a05fb0aeb6a3\" class=\"forminator-checkbox forminator-checkbox-inline\"><input type=\"checkbox\" name=\"checkbox-1[]\" value=\"sugestes\" id=\"forminator-field-checkbox-1-2-6a05fb0aeb6a3\" data-calculation=\"0\"  \/><span aria-hidden=\"true\"><\/span><span>Sugest\u00f5es<\/span><\/label><label for=\"forminator-field-checkbox-1-3-6a05fb0aeb6a3\" class=\"forminator-checkbox forminator-checkbox-inline\"><input type=\"checkbox\" name=\"checkbox-1[]\" value=\"parcerias\" id=\"forminator-field-checkbox-1-3-6a05fb0aeb6a3\" data-calculation=\"0\"  \/><span aria-hidden=\"true\"><\/span><span>Parcerias<\/span><\/label><label for=\"forminator-field-checkbox-1-4-6a05fb0aeb6a3\" class=\"forminator-checkbox forminator-checkbox-inline\"><input type=\"checkbox\" name=\"checkbox-1[]\" value=\"tcnico\" id=\"forminator-field-checkbox-1-4-6a05fb0aeb6a3\" data-calculation=\"0\"  \/><span aria-hidden=\"true\"><\/span><span>T\u00e9cnico<\/span><\/label><\/div><\/div><\/div><div class=\"forminator-row\"><div id=\"textarea-1\" class=\"forminator-col forminator-col-12 \"><div class=\"forminator-field\"><label for=\"forminator-field-textarea-1\" class=\"forminator-label\">Mensagem: <span class=\"forminator-required\">*<\/span><\/label><textarea name=\"textarea-1\" placeholder=\"Escreva sua mensagem\" id=\"forminator-field-textarea-1\" class=\"forminator-textarea\" height=\"50\" style=\"min-height:px;\" maxlength=\"180\" ><\/textarea><span class=\"forminator-description\"><span data-limit=\"180\" data-type=\"characters\">0 \/ 180<\/span><\/span><\/div><\/div><\/div><input type=\"hidden\" name=\"referer_url\" value=\"\" \/><div class=\"forminator-row forminator-row-last\"><div class=\"forminator-col\"><div id=\"submit\" class=\"forminator-field\"><button class=\"forminator-button forminator-button-submit\">Enviar<\/button><\/div><\/div><\/div><input type=\"hidden\" id=\"forminator_nonce\" name=\"forminator_nonce\" value=\"af96bc850f\" \/><input type=\"hidden\" name=\"_wp_http_referer\" value=\"\/index.php?rest_route=%2Fwp%2Fv2%2Fpages%2F411\" \/><input type=\"hidden\" name=\"form_id\" value=\"103\"><input type=\"hidden\" name=\"page_id\" value=\"411\"><input type=\"hidden\" name=\"form_type\" value=\"default\"><input type=\"hidden\" name=\"current_url\" value=\"http:\/\/starlinkinformatica.com.br\/?rest_route=%2Fwp%2Fv2%2Fpages%2F411\"><input type=\"hidden\" name=\"render_id\" value=\"0\"><input type=\"hidden\" name=\"action\" value=\"forminator_submit_form_custom-forms\"><\/form><\/div>\n\n\n\n<p><\/p>\n","protected":false},"excerpt":{"rendered":"<p>Seu ambiente precisa estar online 24 horas por dia, 7 dias por semana, 365 dias por ano? Se as aplica\u00e7\u00f5es, servidores ou dados cr\u00edticos ficarem indispon\u00edveis, todo seu ambiente pode ser prejudicado! Perda de receita, clientes insatisfeitos e multas ter\u00e3o um efeito negativo na reputa\u00e7\u00e3o de sua empresa. Proteja-se de falhas no servidor: Obtenha solu\u00e7\u00f5es que contam com redund\u00e2ncia e clusters em m\u00faltiplos n\u00edveis, protegendo-se de falhas f\u00edsicas ou l\u00f3gicas. Proteja-se de falhas em sites: Solu\u00e7\u00f5es de Disaster Recovery e replica\u00e7\u00e3o para que seu ambiente se mantenha dispon\u00edvel mesmo com a perda do site. Execute upgrade se downtime: Permita que\u2026<\/p>\n","protected":false},"author":1,"featured_media":412,"parent":0,"menu_order":0,"comment_status":"closed","ping_status":"closed","template":"","meta":[],"blocksy_meta":"","_links":{"self":[{"href":"http:\/\/starlinkinformatica.com.br\/index.php?rest_route=\/wp\/v2\/pages\/411"}],"collection":[{"href":"http:\/\/starlinkinformatica.com.br\/index.php?rest_route=\/wp\/v2\/pages"}],"about":[{"href":"http:\/\/starlinkinformatica.com.br\/index.php?rest_route=\/wp\/v2\/types\/page"}],"author":[{"embeddable":true,"href":"http:\/\/starlinkinformatica.com.br\/index.php?rest_route=\/wp\/v2\/users\/1"}],"replies":[{"embeddable":true,"href":"http:\/\/starlinkinformatica.com.br\/index.php?rest_route=%2Fwp%2Fv2%2Fcomments&post=411"}],"version-history":[{"count":3,"href":"http:\/\/starlinkinformatica.com.br\/index.php?rest_route=\/wp\/v2\/pages\/411\/revisions"}],"predecessor-version":[{"id":517,"href":"http:\/\/starlinkinformatica.com.br\/index.php?rest_route=\/wp\/v2\/pages\/411\/revisions\/517"}],"wp:featuredmedia":[{"embeddable":true,"href":"http:\/\/starlinkinformatica.com.br\/index.php?rest_route=\/wp\/v2\/media\/412"}],"wp:attachment":[{"href":"http:\/\/starlinkinformatica.com.br\/index.php?rest_route=%2Fwp%2Fv2%2Fmedia&parent=411"}],"curies":[{"name":"wp","href":"https:\/\/api.w.org\/{rel}","templated":true}]}}