{"id":405,"date":"2021-04-28T13:11:08","date_gmt":"2021-04-28T16:11:08","guid":{"rendered":"http:\/\/starlinkinformatica.com.br\/?page_id=405"},"modified":"2021-04-28T13:11:13","modified_gmt":"2021-04-28T16:11:13","slug":"virtualizacao","status":"publish","type":"page","link":"http:\/\/starlinkinformatica.com.br\/?page_id=405","title":{"rendered":"Virtualiza\u00e7\u00e3o"},"content":{"rendered":"\n<p>Mais do que virtualizar ativos f\u00edsicos, a StarLink explora o poder da virtualiza\u00e7\u00e3o para gerar uma maior efici\u00eancia entre Servidores, Storage e Redes. Atrav\u00e9s de nossas estrat\u00e9gias de virtualiza\u00e7\u00e3o e consolida\u00e7\u00e3o, que considera uma vis\u00e3o integrada entre Servidores, Storage e Redes, a StarLink auxilia a transformar a infraestrutura de TI em uma plataforma compartilhada, escal\u00e1vel e flex\u00edvel,&nbsp;com os seguintes benef\u00edcios:<\/p>\n\n\n\n<ul><li>Menor quantidade de pontos de gerenciamento;<\/li><li>Maior n\u00edvel de compartilhamento de recursos entre aplica\u00e7\u00f5es;<\/li><li>Maior agilidade para atender as demandas do neg\u00f3cio;<\/li><li>Implementa\u00e7\u00e3o de uma padroniza\u00e7\u00e3o na infra de TI;<\/li><li>Infraestrutura de TI mais perform\u00e1tica e com menor utiliza\u00e7\u00e3o de espa\u00e7o f\u00edsico;<\/li><li>Infraestrutura composta por pools compartilhados de recursos de Servidores, Storage e Redes.<\/li><\/ul>\n\n\n\n<p>Utilizamos um approach consultivo para elaborar os projetos que envolvem os temas de Virtualiza\u00e7\u00e3o e Consolida\u00e7\u00e3o, Prote\u00e7\u00e3o e Armazenamento de dados, Infraestruturas avan\u00e7adas de redes, Business Continuity e Disaster Recovery, e somos capazes de elaborar trabalhos de an\u00e1lise, desenho, implementa\u00e7\u00e3o, gerenciamento e suporte t\u00e9cnico destas solu\u00e7\u00f5es.<\/p>\n\n\n\n<p class=\"has-palette-color-5-color has-palette-color-1-background-color has-text-color has-background\">Contate-nos e veja como podemos te ajudar nesse processo!<\/p>\n\n\n\n<div class=\"forminator-guttenberg\"><div class=\"forminator-ui forminator-custom-form forminator-custom-form-103 forminator-design--flat  forminator_ajax\" data-forminator-render=\"0\" data-form=\"forminator-module-103\"><br\/><\/div><form\n\t\t\t\tid=\"forminator-module-103\"\n\t\t\t\tclass=\"forminator-ui forminator-custom-form forminator-custom-form-103 forminator-design--flat  forminator_ajax\"\n\t\t\t\taction=\"\"\n\t\t\t\tmethod=\"post\"\n\t\t\t\tdata-forminator-render=\"0\"\n\t\t\t\tdata-form-id=\"103\"\n\t\t\t\t\n\t\t\t\tdata-design=\"flat\"\n\t\t\t\t\n\t\t\t\t\n\t\t\t\t\n\t\t\t\tdata-grid=\"open\"\n\t\t\t\t\n\t\t\t\t\n\t\t\t\tstyle=\"display: none;\"\n\t\t\t><div class=\"forminator-response-message forminator-error\" aria-hidden=\"true\"><\/div><div class=\"forminator-row\"><div id=\"name-1\" class=\"forminator-col forminator-col-12 \"><div class=\"forminator-field\"><label for=\"forminator-field-name-1\" class=\"forminator-label\">Nome: <span class=\"forminator-required\">*<\/span><\/label><input type=\"text\" name=\"name-1\" value=\"\" placeholder=\"E.x. \" id=\"forminator-field-name-1\" class=\"forminator-input forminator-name--field\" aria-required=\"true\" \/><\/div><\/div><\/div><div class=\"forminator-row\"><div id=\"name-3\" class=\"forminator-col forminator-col-12 \"><div class=\"forminator-field\"><label for=\"forminator-field-name-3\" class=\"forminator-label\">Empresa: <span class=\"forminator-required\">*<\/span><\/label><input type=\"text\" name=\"name-3\" value=\"\" placeholder=\"E.x. \" id=\"forminator-field-name-3\" class=\"forminator-input forminator-name--field\" aria-required=\"true\" \/><\/div><\/div><\/div><div class=\"forminator-row\"><div id=\"email-1\" class=\"forminator-col forminator-col-6 \"><div class=\"forminator-field\"><label for=\"forminator-field-email-1\" class=\"forminator-label\">E-mail: <span class=\"forminator-required\">*<\/span><\/label><input type=\"email\" name=\"email-1\" value=\"\" placeholder=\"@.com\" id=\"forminator-field-email-1\" class=\"forminator-input forminator-email--field\" data-required=\"true\" aria-required=\"true\" \/><\/div><\/div><div id=\"phone-1\" class=\"forminator-col forminator-col-6 \"><div class=\"forminator-field\"><label for=\"forminator-field-phone-1\" class=\"forminator-label\">Telefone: <span class=\"forminator-required\">*<\/span><\/label><input type=\"text\" name=\"phone-1\" value=\"\" placeholder=\"+55 (11) 0000-0000\" id=\"forminator-field-phone-1\" class=\"forminator-input forminator-field--phone\" data-required=\"1\" aria-required=\"true\" autocomplete=\"off\" \/><\/div><\/div><\/div><div class=\"forminator-row\"><div id=\"checkbox-1\" class=\"forminator-col forminator-col-12 \"><div class=\"forminator-field\"><label class=\"forminator-label\">Assunto:<\/label><label for=\"forminator-field-checkbox-1-1-6a05f189a9a09\" class=\"forminator-checkbox forminator-checkbox-inline\"><input type=\"checkbox\" name=\"checkbox-1[]\" value=\"produtos\" id=\"forminator-field-checkbox-1-1-6a05f189a9a09\" data-calculation=\"0\"  \/><span aria-hidden=\"true\"><\/span><span>Produtos<\/span><\/label><label for=\"forminator-field-checkbox-1-2-6a05f189a9a09\" class=\"forminator-checkbox forminator-checkbox-inline\"><input type=\"checkbox\" name=\"checkbox-1[]\" value=\"sugestes\" id=\"forminator-field-checkbox-1-2-6a05f189a9a09\" data-calculation=\"0\"  \/><span aria-hidden=\"true\"><\/span><span>Sugest\u00f5es<\/span><\/label><label for=\"forminator-field-checkbox-1-3-6a05f189a9a09\" class=\"forminator-checkbox forminator-checkbox-inline\"><input type=\"checkbox\" name=\"checkbox-1[]\" value=\"parcerias\" id=\"forminator-field-checkbox-1-3-6a05f189a9a09\" data-calculation=\"0\"  \/><span aria-hidden=\"true\"><\/span><span>Parcerias<\/span><\/label><label for=\"forminator-field-checkbox-1-4-6a05f189a9a09\" class=\"forminator-checkbox forminator-checkbox-inline\"><input type=\"checkbox\" name=\"checkbox-1[]\" value=\"tcnico\" id=\"forminator-field-checkbox-1-4-6a05f189a9a09\" data-calculation=\"0\"  \/><span aria-hidden=\"true\"><\/span><span>T\u00e9cnico<\/span><\/label><\/div><\/div><\/div><div class=\"forminator-row\"><div id=\"textarea-1\" class=\"forminator-col forminator-col-12 \"><div class=\"forminator-field\"><label for=\"forminator-field-textarea-1\" class=\"forminator-label\">Mensagem: <span class=\"forminator-required\">*<\/span><\/label><textarea name=\"textarea-1\" placeholder=\"Escreva sua mensagem\" id=\"forminator-field-textarea-1\" class=\"forminator-textarea\" height=\"50\" style=\"min-height:px;\" maxlength=\"180\" ><\/textarea><span class=\"forminator-description\"><span data-limit=\"180\" data-type=\"characters\">0 \/ 180<\/span><\/span><\/div><\/div><\/div><input type=\"hidden\" name=\"referer_url\" value=\"\" \/><div class=\"forminator-row forminator-row-last\"><div class=\"forminator-col\"><div id=\"submit\" class=\"forminator-field\"><button class=\"forminator-button forminator-button-submit\">Enviar<\/button><\/div><\/div><\/div><input type=\"hidden\" id=\"forminator_nonce\" name=\"forminator_nonce\" value=\"af96bc850f\" \/><input type=\"hidden\" name=\"_wp_http_referer\" value=\"\/index.php?rest_route=%2Fwp%2Fv2%2Fpages%2F405\" \/><input type=\"hidden\" name=\"form_id\" value=\"103\"><input type=\"hidden\" name=\"page_id\" value=\"405\"><input type=\"hidden\" name=\"form_type\" value=\"default\"><input type=\"hidden\" name=\"current_url\" value=\"http:\/\/starlinkinformatica.com.br\/?rest_route=%2Fwp%2Fv2%2Fpages%2F405\"><input type=\"hidden\" name=\"render_id\" value=\"0\"><input type=\"hidden\" name=\"action\" value=\"forminator_submit_form_custom-forms\"><\/form><\/div>\n\n\n\n<p><\/p>\n","protected":false},"excerpt":{"rendered":"<p>Mais do que virtualizar ativos f\u00edsicos, a StarLink explora o poder da virtualiza\u00e7\u00e3o para gerar uma maior efici\u00eancia entre Servidores, Storage e Redes. Atrav\u00e9s de nossas estrat\u00e9gias de virtualiza\u00e7\u00e3o e consolida\u00e7\u00e3o, que considera uma vis\u00e3o integrada entre Servidores, Storage e Redes, a StarLink auxilia a transformar a infraestrutura de TI em uma plataforma compartilhada, escal\u00e1vel e flex\u00edvel,&nbsp;com os seguintes benef\u00edcios: Menor quantidade de pontos de gerenciamento; Maior n\u00edvel de compartilhamento de recursos entre aplica\u00e7\u00f5es; Maior agilidade para atender as demandas do neg\u00f3cio; Implementa\u00e7\u00e3o de uma padroniza\u00e7\u00e3o na infra de TI; Infraestrutura de TI mais perform\u00e1tica e com menor utiliza\u00e7\u00e3o de\u2026<\/p>\n","protected":false},"author":1,"featured_media":406,"parent":0,"menu_order":0,"comment_status":"closed","ping_status":"closed","template":"","meta":[],"blocksy_meta":"","_links":{"self":[{"href":"http:\/\/starlinkinformatica.com.br\/index.php?rest_route=\/wp\/v2\/pages\/405"}],"collection":[{"href":"http:\/\/starlinkinformatica.com.br\/index.php?rest_route=\/wp\/v2\/pages"}],"about":[{"href":"http:\/\/starlinkinformatica.com.br\/index.php?rest_route=\/wp\/v2\/types\/page"}],"author":[{"embeddable":true,"href":"http:\/\/starlinkinformatica.com.br\/index.php?rest_route=\/wp\/v2\/users\/1"}],"replies":[{"embeddable":true,"href":"http:\/\/starlinkinformatica.com.br\/index.php?rest_route=%2Fwp%2Fv2%2Fcomments&post=405"}],"version-history":[{"count":1,"href":"http:\/\/starlinkinformatica.com.br\/index.php?rest_route=\/wp\/v2\/pages\/405\/revisions"}],"predecessor-version":[{"id":407,"href":"http:\/\/starlinkinformatica.com.br\/index.php?rest_route=\/wp\/v2\/pages\/405\/revisions\/407"}],"wp:featuredmedia":[{"embeddable":true,"href":"http:\/\/starlinkinformatica.com.br\/index.php?rest_route=\/wp\/v2\/media\/406"}],"wp:attachment":[{"href":"http:\/\/starlinkinformatica.com.br\/index.php?rest_route=%2Fwp%2Fv2%2Fmedia&parent=405"}],"curies":[{"name":"wp","href":"https:\/\/api.w.org\/{rel}","templated":true}]}}