{"id":398,"date":"2021-04-28T13:05:31","date_gmt":"2021-04-28T16:05:31","guid":{"rendered":"http:\/\/starlinkinformatica.com.br\/?page_id=398"},"modified":"2021-04-30T18:25:26","modified_gmt":"2021-04-30T21:25:26","slug":"servidores","status":"publish","type":"page","link":"http:\/\/starlinkinformatica.com.br\/?page_id=398","title":{"rendered":"Servidores"},"content":{"rendered":"\n<h5><strong>Proteja Seus Neg\u00f3cios:<\/strong> Atualmente, os riscos crescentes e as amea\u00e7as virtuais tornam a seguran\u00e7a de TI uma alta prioridade. Os Servidores fornecem seguran\u00e7a completa com prote\u00e7\u00e3o sempre ativa contra invas\u00e3o e criptografia de dados abrangente. Os recursos de seguran\u00e7a em sil\u00edcio, juntamente com o Software, ajudam a proteger dados contra acesso n\u00e3o autorizado e interrompem o malware antes que ele entre.<\/h5>\n\n\n\n<h5><strong>Desempenho L\u00edder<\/strong>: Os Servidores proporcionam de forma consistente os mais altos n\u00edveis de desempenho na execu\u00e7\u00e3o de uma ampla gama de aplicativos empresariais. Foram especialmente projetados para fornecer um desempenho superior com os diversos aplicativos e Java empresarial.<\/h5>\n\n\n\n<h5><strong>Maior Confiabilidade:<\/strong> No mundo de hoje sempre ligado e conectado, interrup\u00e7\u00f5es n\u00e3o planejadas n\u00e3o s\u00e3o uma op\u00e7\u00e3o. Os Servidores fornecem redund\u00e2ncia de hardware e software integrado para maximizar o tempo de atividade do sistema e oferecer um servi\u00e7o cont\u00ednuo. Os Servidores garantem a continuidade dos neg\u00f3cios, oferecendo a confiabilidade e a integridade dos dados necess\u00e1rias para implementa\u00e7\u00f5es empresariais essenciais a longo prazo.<\/h5>\n\n\n\n<p class=\"has-palette-color-5-color has-palette-color-1-background-color has-text-color has-background\">Contate-nos e veja como podemos te ajudar nesse processo!<\/p>\n\n\n\n<div class=\"forminator-guttenberg\"><div class=\"forminator-ui forminator-custom-form forminator-custom-form-103 forminator-design--flat  forminator_ajax\" data-forminator-render=\"0\" data-form=\"forminator-module-103\"><br\/><\/div><form\n\t\t\t\tid=\"forminator-module-103\"\n\t\t\t\tclass=\"forminator-ui forminator-custom-form forminator-custom-form-103 forminator-design--flat  forminator_ajax\"\n\t\t\t\taction=\"\"\n\t\t\t\tmethod=\"post\"\n\t\t\t\tdata-forminator-render=\"0\"\n\t\t\t\tdata-form-id=\"103\"\n\t\t\t\t\n\t\t\t\tdata-design=\"flat\"\n\t\t\t\t\n\t\t\t\t\n\t\t\t\t\n\t\t\t\tdata-grid=\"open\"\n\t\t\t\t\n\t\t\t\t\n\t\t\t\tstyle=\"display: none;\"\n\t\t\t><div class=\"forminator-response-message forminator-error\" aria-hidden=\"true\"><\/div><div class=\"forminator-row\"><div id=\"name-1\" class=\"forminator-col forminator-col-12 \"><div class=\"forminator-field\"><label for=\"forminator-field-name-1\" class=\"forminator-label\">Nome: <span class=\"forminator-required\">*<\/span><\/label><input type=\"text\" name=\"name-1\" value=\"\" placeholder=\"E.x. \" id=\"forminator-field-name-1\" class=\"forminator-input forminator-name--field\" aria-required=\"true\" \/><\/div><\/div><\/div><div class=\"forminator-row\"><div id=\"name-3\" class=\"forminator-col forminator-col-12 \"><div class=\"forminator-field\"><label for=\"forminator-field-name-3\" class=\"forminator-label\">Empresa: <span class=\"forminator-required\">*<\/span><\/label><input type=\"text\" name=\"name-3\" value=\"\" placeholder=\"E.x. \" id=\"forminator-field-name-3\" class=\"forminator-input forminator-name--field\" aria-required=\"true\" \/><\/div><\/div><\/div><div class=\"forminator-row\"><div id=\"email-1\" class=\"forminator-col forminator-col-6 \"><div class=\"forminator-field\"><label for=\"forminator-field-email-1\" class=\"forminator-label\">E-mail: <span class=\"forminator-required\">*<\/span><\/label><input type=\"email\" name=\"email-1\" value=\"\" placeholder=\"@.com\" id=\"forminator-field-email-1\" class=\"forminator-input forminator-email--field\" data-required=\"true\" aria-required=\"true\" \/><\/div><\/div><div id=\"phone-1\" class=\"forminator-col forminator-col-6 \"><div class=\"forminator-field\"><label for=\"forminator-field-phone-1\" class=\"forminator-label\">Telefone: <span class=\"forminator-required\">*<\/span><\/label><input type=\"text\" name=\"phone-1\" value=\"\" placeholder=\"+55 (11) 0000-0000\" id=\"forminator-field-phone-1\" class=\"forminator-input forminator-field--phone\" data-required=\"1\" aria-required=\"true\" autocomplete=\"off\" \/><\/div><\/div><\/div><div class=\"forminator-row\"><div id=\"checkbox-1\" class=\"forminator-col forminator-col-12 \"><div class=\"forminator-field\"><label class=\"forminator-label\">Assunto:<\/label><label for=\"forminator-field-checkbox-1-1-6a06072251971\" class=\"forminator-checkbox forminator-checkbox-inline\"><input type=\"checkbox\" name=\"checkbox-1[]\" value=\"produtos\" id=\"forminator-field-checkbox-1-1-6a06072251971\" data-calculation=\"0\"  \/><span aria-hidden=\"true\"><\/span><span>Produtos<\/span><\/label><label for=\"forminator-field-checkbox-1-2-6a06072251971\" class=\"forminator-checkbox forminator-checkbox-inline\"><input type=\"checkbox\" name=\"checkbox-1[]\" value=\"sugestes\" id=\"forminator-field-checkbox-1-2-6a06072251971\" data-calculation=\"0\"  \/><span aria-hidden=\"true\"><\/span><span>Sugest\u00f5es<\/span><\/label><label for=\"forminator-field-checkbox-1-3-6a06072251971\" class=\"forminator-checkbox forminator-checkbox-inline\"><input type=\"checkbox\" name=\"checkbox-1[]\" value=\"parcerias\" id=\"forminator-field-checkbox-1-3-6a06072251971\" data-calculation=\"0\"  \/><span aria-hidden=\"true\"><\/span><span>Parcerias<\/span><\/label><label for=\"forminator-field-checkbox-1-4-6a06072251971\" class=\"forminator-checkbox forminator-checkbox-inline\"><input type=\"checkbox\" name=\"checkbox-1[]\" value=\"tcnico\" id=\"forminator-field-checkbox-1-4-6a06072251971\" data-calculation=\"0\"  \/><span aria-hidden=\"true\"><\/span><span>T\u00e9cnico<\/span><\/label><\/div><\/div><\/div><div class=\"forminator-row\"><div id=\"textarea-1\" class=\"forminator-col forminator-col-12 \"><div class=\"forminator-field\"><label for=\"forminator-field-textarea-1\" class=\"forminator-label\">Mensagem: <span class=\"forminator-required\">*<\/span><\/label><textarea name=\"textarea-1\" placeholder=\"Escreva sua mensagem\" id=\"forminator-field-textarea-1\" class=\"forminator-textarea\" height=\"50\" style=\"min-height:px;\" maxlength=\"180\" ><\/textarea><span class=\"forminator-description\"><span data-limit=\"180\" data-type=\"characters\">0 \/ 180<\/span><\/span><\/div><\/div><\/div><input type=\"hidden\" name=\"referer_url\" value=\"\" \/><div class=\"forminator-row forminator-row-last\"><div class=\"forminator-col\"><div id=\"submit\" class=\"forminator-field\"><button class=\"forminator-button forminator-button-submit\">Enviar<\/button><\/div><\/div><\/div><input type=\"hidden\" id=\"forminator_nonce\" name=\"forminator_nonce\" value=\"af96bc850f\" \/><input type=\"hidden\" name=\"_wp_http_referer\" value=\"\/index.php?rest_route=%2Fwp%2Fv2%2Fpages%2F398\" \/><input type=\"hidden\" name=\"form_id\" value=\"103\"><input type=\"hidden\" name=\"page_id\" value=\"398\"><input type=\"hidden\" name=\"form_type\" value=\"default\"><input type=\"hidden\" name=\"current_url\" value=\"http:\/\/starlinkinformatica.com.br\/?rest_route=%2Fwp%2Fv2%2Fpages%2F398\"><input type=\"hidden\" name=\"render_id\" value=\"0\"><input type=\"hidden\" name=\"action\" value=\"forminator_submit_form_custom-forms\"><\/form><\/div>\n","protected":false},"excerpt":{"rendered":"<p>Proteja Seus Neg\u00f3cios: Atualmente, os riscos crescentes e as amea\u00e7as virtuais tornam a seguran\u00e7a de TI uma alta prioridade. Os Servidores fornecem seguran\u00e7a completa com prote\u00e7\u00e3o sempre ativa contra invas\u00e3o e criptografia de dados abrangente. Os recursos de seguran\u00e7a em sil\u00edcio, juntamente com o Software, ajudam a proteger dados contra acesso n\u00e3o autorizado e interrompem o malware antes que ele entre. Desempenho L\u00edder: Os Servidores proporcionam de forma consistente os mais altos n\u00edveis de desempenho na execu\u00e7\u00e3o de uma ampla gama de aplicativos empresariais. Foram especialmente projetados para fornecer um desempenho superior com os diversos aplicativos e Java empresarial. Maior\u2026<\/p>\n","protected":false},"author":1,"featured_media":399,"parent":0,"menu_order":0,"comment_status":"closed","ping_status":"closed","template":"","meta":[],"blocksy_meta":"","_links":{"self":[{"href":"http:\/\/starlinkinformatica.com.br\/index.php?rest_route=\/wp\/v2\/pages\/398"}],"collection":[{"href":"http:\/\/starlinkinformatica.com.br\/index.php?rest_route=\/wp\/v2\/pages"}],"about":[{"href":"http:\/\/starlinkinformatica.com.br\/index.php?rest_route=\/wp\/v2\/types\/page"}],"author":[{"embeddable":true,"href":"http:\/\/starlinkinformatica.com.br\/index.php?rest_route=\/wp\/v2\/users\/1"}],"replies":[{"embeddable":true,"href":"http:\/\/starlinkinformatica.com.br\/index.php?rest_route=%2Fwp%2Fv2%2Fcomments&post=398"}],"version-history":[{"count":4,"href":"http:\/\/starlinkinformatica.com.br\/index.php?rest_route=\/wp\/v2\/pages\/398\/revisions"}],"predecessor-version":[{"id":521,"href":"http:\/\/starlinkinformatica.com.br\/index.php?rest_route=\/wp\/v2\/pages\/398\/revisions\/521"}],"wp:featuredmedia":[{"embeddable":true,"href":"http:\/\/starlinkinformatica.com.br\/index.php?rest_route=\/wp\/v2\/media\/399"}],"wp:attachment":[{"href":"http:\/\/starlinkinformatica.com.br\/index.php?rest_route=%2Fwp%2Fv2%2Fmedia&parent=398"}],"curies":[{"name":"wp","href":"https:\/\/api.w.org\/{rel}","templated":true}]}}