{"id":223,"date":"2021-04-28T04:03:59","date_gmt":"2021-04-28T07:03:59","guid":{"rendered":"http:\/\/starlinkinformatica.com.br\/?page_id=223"},"modified":"2021-04-28T04:04:03","modified_gmt":"2021-04-28T07:04:03","slug":"vmware","status":"publish","type":"page","link":"http:\/\/starlinkinformatica.com.br\/?page_id=223","title":{"rendered":"VMware"},"content":{"rendered":"\n<p><strong>VMware<\/strong> simplifica a jornada para que as organiza\u00e7\u00f5es\u00a0se transformem em empresas digitais capazes de oferecer melhores experi\u00eancias a seus clientes e permitir que os funcion\u00e1rios trabalhem da melhor maneira poss\u00edvel. Nosso software abrange moderniza\u00e7\u00e3o de aplicativos,\u00a0nuvem, sistemas de rede e seguran\u00e7a e espa\u00e7o de trabalho digital.<\/p>\n\n\n\n<p>Desde nossa funda\u00e7\u00e3o, h\u00e1 mais de duas d\u00e9cadas, nossa comunidade de mais de 24.000 funcion\u00e1rios e ecossistema de 75.000 parceiros est\u00e3o por tr\u00e1s das inova\u00e7\u00f5es tecnol\u00f3gicas que transformam setores inteiros &#8211; de bancos, sa\u00fade e governo a varejo, telecomunica\u00e7\u00f5es, manufatura e transporte.<\/p>\n\n\n\n<p>Todos os dias, trabalhamos para resolver os desafios mais dif\u00edceis de nossos clientes por meio de tecnologias inovadoras, como computa\u00e7\u00e3o de ponta, intelig\u00eancia artificial, blockchain, aprendizado de m\u00e1quina, Kubernetes e muito mais &#8211; para definir a base digital que acelerar\u00e1 a pr\u00f3xima onda de inova\u00e7\u00e3o.<\/p>\n","protected":false},"excerpt":{"rendered":"<p>VMware simplifica a jornada para que as organiza\u00e7\u00f5es\u00a0se transformem em empresas digitais capazes de oferecer melhores experi\u00eancias a seus clientes e permitir que os funcion\u00e1rios trabalhem da melhor maneira poss\u00edvel. Nosso software abrange moderniza\u00e7\u00e3o de aplicativos,\u00a0nuvem, sistemas de rede e seguran\u00e7a e espa\u00e7o de trabalho digital. Desde nossa funda\u00e7\u00e3o, h\u00e1 mais de duas d\u00e9cadas, nossa comunidade de mais de 24.000 funcion\u00e1rios e ecossistema de 75.000 parceiros est\u00e3o por tr\u00e1s das inova\u00e7\u00f5es tecnol\u00f3gicas que transformam setores inteiros &#8211; de bancos, sa\u00fade e governo a varejo, telecomunica\u00e7\u00f5es, manufatura e transporte. Todos os dias, trabalhamos para resolver os desafios mais dif\u00edceis de nossos\u2026<\/p>\n","protected":false},"author":1,"featured_media":224,"parent":0,"menu_order":0,"comment_status":"closed","ping_status":"closed","template":"","meta":[],"blocksy_meta":"","_links":{"self":[{"href":"http:\/\/starlinkinformatica.com.br\/index.php?rest_route=\/wp\/v2\/pages\/223"}],"collection":[{"href":"http:\/\/starlinkinformatica.com.br\/index.php?rest_route=\/wp\/v2\/pages"}],"about":[{"href":"http:\/\/starlinkinformatica.com.br\/index.php?rest_route=\/wp\/v2\/types\/page"}],"author":[{"embeddable":true,"href":"http:\/\/starlinkinformatica.com.br\/index.php?rest_route=\/wp\/v2\/users\/1"}],"replies":[{"embeddable":true,"href":"http:\/\/starlinkinformatica.com.br\/index.php?rest_route=%2Fwp%2Fv2%2Fcomments&post=223"}],"version-history":[{"count":1,"href":"http:\/\/starlinkinformatica.com.br\/index.php?rest_route=\/wp\/v2\/pages\/223\/revisions"}],"predecessor-version":[{"id":225,"href":"http:\/\/starlinkinformatica.com.br\/index.php?rest_route=\/wp\/v2\/pages\/223\/revisions\/225"}],"wp:featuredmedia":[{"embeddable":true,"href":"http:\/\/starlinkinformatica.com.br\/index.php?rest_route=\/wp\/v2\/media\/224"}],"wp:attachment":[{"href":"http:\/\/starlinkinformatica.com.br\/index.php?rest_route=%2Fwp%2Fv2%2Fmedia&parent=223"}],"curies":[{"name":"wp","href":"https:\/\/api.w.org\/{rel}","templated":true}]}}