{"id":220,"date":"2021-04-28T04:02:38","date_gmt":"2021-04-28T07:02:38","guid":{"rendered":"http:\/\/starlinkinformatica.com.br\/?page_id=220"},"modified":"2021-04-28T04:02:42","modified_gmt":"2021-04-28T07:02:42","slug":"veritas","status":"publish","type":"page","link":"http:\/\/starlinkinformatica.com.br\/?page_id=220","title":{"rendered":"Veritas"},"content":{"rendered":"\n<p>A <strong>Veritas <\/strong>Technologies \u00e9 l\u00edder global em prote\u00e7\u00e3o de dados, disponibilidade e percep\u00e7\u00f5es. Mais de 80.000 clientes &#8211; incluindo 87 por cento da Fortune Global 500 &#8211; confiam em n\u00f3s para abstrair a complexidade de TI e simplificar o gerenciamento de dados. A plataforma de servi\u00e7os de dados corporativos da Veritas automatiza a prote\u00e7\u00e3o e orquestra a recupera\u00e7\u00e3o de dados em todos os lugares em que residem, garante disponibilidade 24 horas por dia, 7 dias por semana, de aplicativos essenciais aos neg\u00f3cios e fornece \u00e0s empresas os insights de que precisam para cumprir as regulamenta\u00e7\u00f5es de dados em constante evolu\u00e7\u00e3o. Com uma reputa\u00e7\u00e3o de confiabilidade em escala e um modelo de implanta\u00e7\u00e3o para atender a qualquer necessidade, a Veritas Enterprise Data Services Platform oferece suporte a mais de 800 fontes de dados diferentes, mais de 100 sistemas operacionais diferentes, mais de 1.400 destinos de armazenamento e mais de 60 plataformas de nuvem diferentes.<\/p>\n","protected":false},"excerpt":{"rendered":"<p>A Veritas Technologies \u00e9 l\u00edder global em prote\u00e7\u00e3o de dados, disponibilidade e percep\u00e7\u00f5es. Mais de 80.000 clientes &#8211; incluindo 87 por cento da Fortune Global 500 &#8211; confiam em n\u00f3s para abstrair a complexidade de TI e simplificar o gerenciamento de dados. A plataforma de servi\u00e7os de dados corporativos da Veritas automatiza a prote\u00e7\u00e3o e orquestra a recupera\u00e7\u00e3o de dados em todos os lugares em que residem, garante disponibilidade 24 horas por dia, 7 dias por semana, de aplicativos essenciais aos neg\u00f3cios e fornece \u00e0s empresas os insights de que precisam para cumprir as regulamenta\u00e7\u00f5es de dados em constante evolu\u00e7\u00e3o.\u2026<\/p>\n","protected":false},"author":1,"featured_media":221,"parent":0,"menu_order":0,"comment_status":"closed","ping_status":"closed","template":"","meta":[],"blocksy_meta":"","_links":{"self":[{"href":"http:\/\/starlinkinformatica.com.br\/index.php?rest_route=\/wp\/v2\/pages\/220"}],"collection":[{"href":"http:\/\/starlinkinformatica.com.br\/index.php?rest_route=\/wp\/v2\/pages"}],"about":[{"href":"http:\/\/starlinkinformatica.com.br\/index.php?rest_route=\/wp\/v2\/types\/page"}],"author":[{"embeddable":true,"href":"http:\/\/starlinkinformatica.com.br\/index.php?rest_route=\/wp\/v2\/users\/1"}],"replies":[{"embeddable":true,"href":"http:\/\/starlinkinformatica.com.br\/index.php?rest_route=%2Fwp%2Fv2%2Fcomments&post=220"}],"version-history":[{"count":1,"href":"http:\/\/starlinkinformatica.com.br\/index.php?rest_route=\/wp\/v2\/pages\/220\/revisions"}],"predecessor-version":[{"id":222,"href":"http:\/\/starlinkinformatica.com.br\/index.php?rest_route=\/wp\/v2\/pages\/220\/revisions\/222"}],"wp:featuredmedia":[{"embeddable":true,"href":"http:\/\/starlinkinformatica.com.br\/index.php?rest_route=\/wp\/v2\/media\/221"}],"wp:attachment":[{"href":"http:\/\/starlinkinformatica.com.br\/index.php?rest_route=%2Fwp%2Fv2%2Fmedia&parent=220"}],"curies":[{"name":"wp","href":"https:\/\/api.w.org\/{rel}","templated":true}]}}