{"id":217,"date":"2021-04-28T04:01:19","date_gmt":"2021-04-28T07:01:19","guid":{"rendered":"http:\/\/starlinkinformatica.com.br\/?page_id=217"},"modified":"2021-04-28T04:01:22","modified_gmt":"2021-04-28T07:01:22","slug":"veeam","status":"publish","type":"page","link":"http:\/\/starlinkinformatica.com.br\/?page_id=217","title":{"rendered":"Veeam"},"content":{"rendered":"\n<p>A <strong>Veeam<\/strong>\u00ae Software fornece solu\u00e7\u00f5es inovadoras que oferecem Availability for Always-On Enterprise\u2122. Os clientes ganham tempo, diminuem riscos e reduzem drasticamente as despesas operacionais e de capital. A Veeam\u00ae reconhece os novos desafios que empresas de todos os tamanhos pelo mundo enfrentam ao permitir o Always-On Business\u2122, um neg\u00f3cio que precisa operar 24 horas por dia, sete dias por semana, e 365 dias por ano. Para resolver isso, a Veeam tem sido pioneira em um novo mercado de Disponibilidade para a Empresa Always-On\u2122, que ajuda as organiza\u00e7\u00f5es a alcan\u00e7arem objetivos de tempo e ponto de recupera\u00e7\u00e3o (RTPO\u2122) de menos de 15 minutos para todos os dados e aplica\u00e7\u00f5es. Isso \u00e9 atingido por meio de um novo tipo de solu\u00e7\u00e3o que oferece recupera\u00e7\u00e3o em alta velocidade, preven\u00e7\u00e3o contra perda de dados, recuperabilidade verificada, aproveitamento de dados e visibilidade completa. O VeeamAvailabilitySuite\u2122, que inclui a solu\u00e7\u00e3o Veeam Backup &amp;Replication\u2122, impulsiona as tecnologias de virtualiza\u00e7\u00e3o, armazenamento e nuvem, que permitem ao data center moderno ajudar organiza\u00e7\u00f5es a economizar tempo, mitigar riscos, e reduzir drasticamente os custos operacionais e de capital, enquanto suporta os objetivos de neg\u00f3cios presentes e futuros dos clientes da Veeam.<\/p>\n","protected":false},"excerpt":{"rendered":"<p>A Veeam\u00ae Software fornece solu\u00e7\u00f5es inovadoras que oferecem Availability for Always-On Enterprise\u2122. Os clientes ganham tempo, diminuem riscos e reduzem drasticamente as despesas operacionais e de capital. A Veeam\u00ae reconhece os novos desafios que empresas de todos os tamanhos pelo mundo enfrentam ao permitir o Always-On Business\u2122, um neg\u00f3cio que precisa operar 24 horas por dia, sete dias por semana, e 365 dias por ano. Para resolver isso, a Veeam tem sido pioneira em um novo mercado de Disponibilidade para a Empresa Always-On\u2122, que ajuda as organiza\u00e7\u00f5es a alcan\u00e7arem objetivos de tempo e ponto de recupera\u00e7\u00e3o (RTPO\u2122) de menos de\u2026<\/p>\n","protected":false},"author":1,"featured_media":218,"parent":0,"menu_order":0,"comment_status":"closed","ping_status":"closed","template":"","meta":[],"blocksy_meta":"","_links":{"self":[{"href":"http:\/\/starlinkinformatica.com.br\/index.php?rest_route=\/wp\/v2\/pages\/217"}],"collection":[{"href":"http:\/\/starlinkinformatica.com.br\/index.php?rest_route=\/wp\/v2\/pages"}],"about":[{"href":"http:\/\/starlinkinformatica.com.br\/index.php?rest_route=\/wp\/v2\/types\/page"}],"author":[{"embeddable":true,"href":"http:\/\/starlinkinformatica.com.br\/index.php?rest_route=\/wp\/v2\/users\/1"}],"replies":[{"embeddable":true,"href":"http:\/\/starlinkinformatica.com.br\/index.php?rest_route=%2Fwp%2Fv2%2Fcomments&post=217"}],"version-history":[{"count":1,"href":"http:\/\/starlinkinformatica.com.br\/index.php?rest_route=\/wp\/v2\/pages\/217\/revisions"}],"predecessor-version":[{"id":219,"href":"http:\/\/starlinkinformatica.com.br\/index.php?rest_route=\/wp\/v2\/pages\/217\/revisions\/219"}],"wp:featuredmedia":[{"embeddable":true,"href":"http:\/\/starlinkinformatica.com.br\/index.php?rest_route=\/wp\/v2\/media\/218"}],"wp:attachment":[{"href":"http:\/\/starlinkinformatica.com.br\/index.php?rest_route=%2Fwp%2Fv2%2Fmedia&parent=217"}],"curies":[{"name":"wp","href":"https:\/\/api.w.org\/{rel}","templated":true}]}}