{"id":204,"date":"2021-04-28T03:55:25","date_gmt":"2021-04-28T06:55:25","guid":{"rendered":"http:\/\/starlinkinformatica.com.br\/?page_id=204"},"modified":"2021-04-28T03:55:29","modified_gmt":"2021-04-28T06:55:29","slug":"oracle","status":"publish","type":"page","link":"http:\/\/starlinkinformatica.com.br\/?page_id=204","title":{"rendered":"Oracle"},"content":{"rendered":"\n<p>Uma empresa de tecnologia em nuvem que fornece \u00e0s organiza\u00e7\u00f5es em todo o mundo infraestrutura e software de computa\u00e7\u00e3o para ajud\u00e1-las a inovar, desbloquear efici\u00eancias e se tornar mais eficazes. Tamb\u00e9m criamos o primeiro &#8211; e \u00fanico &#8211; banco de dados aut\u00f4nomo do mundo para ajudar a organizar e proteger os dados de nossos clientes.<\/p>\n\n\n\n<p>O Oracle Cloud Infrastructure oferece maior desempenho, seguran\u00e7a e economia de custos. Ele foi projetado para que as empresas possam mover cargas de trabalho facilmente de sistemas locais para a nuvem e entre a nuvem e o local e outras nuvens. Os aplicativos Oracle Cloud fornecem aos l\u00edderes de neg\u00f3cios aplicativos modernos que os ajudam a inovar, atingir um crescimento sustent\u00e1vel e se tornarem mais resilientes.<\/p>\n\n\n\n<p>O trabalho que fazemos n\u00e3o \u00e9 apenas transformar o mundo dos neg\u00f3cios &#8211; est\u00e1 ajudando a defender governos e a promover a pesquisa cient\u00edfica e m\u00e9dica. De organiza\u00e7\u00f5es sem fins lucrativos a empresas de todos os tamanhos, milh\u00f5es de pessoas usam nossas ferramentas para simplificar as cadeias de suprimentos, tornar o RH mais humano, pivotar rapidamente para um novo plano financeiro e conectar dados e pessoas em todo o mundo.<\/p>\n\n\n\n<p>No trabalho, abra\u00e7amos a diversidade, incentivamos o crescimento pessoal e profissional e celebramos uma equipe global de pessoas apaixonadas que desenvolvem tecnologias inovadoras que ajudam pessoas e empresas a enfrentar problemas do mundo real de frente.<\/p>\n","protected":false},"excerpt":{"rendered":"<p>Uma empresa de tecnologia em nuvem que fornece \u00e0s organiza\u00e7\u00f5es em todo o mundo infraestrutura e software de computa\u00e7\u00e3o para ajud\u00e1-las a inovar, desbloquear efici\u00eancias e se tornar mais eficazes. Tamb\u00e9m criamos o primeiro &#8211; e \u00fanico &#8211; banco de dados aut\u00f4nomo do mundo para ajudar a organizar e proteger os dados de nossos clientes. O Oracle Cloud Infrastructure oferece maior desempenho, seguran\u00e7a e economia de custos. Ele foi projetado para que as empresas possam mover cargas de trabalho facilmente de sistemas locais para a nuvem e entre a nuvem e o local e outras nuvens. Os aplicativos Oracle Cloud\u2026<\/p>\n","protected":false},"author":1,"featured_media":205,"parent":0,"menu_order":0,"comment_status":"closed","ping_status":"closed","template":"","meta":[],"blocksy_meta":"","_links":{"self":[{"href":"http:\/\/starlinkinformatica.com.br\/index.php?rest_route=\/wp\/v2\/pages\/204"}],"collection":[{"href":"http:\/\/starlinkinformatica.com.br\/index.php?rest_route=\/wp\/v2\/pages"}],"about":[{"href":"http:\/\/starlinkinformatica.com.br\/index.php?rest_route=\/wp\/v2\/types\/page"}],"author":[{"embeddable":true,"href":"http:\/\/starlinkinformatica.com.br\/index.php?rest_route=\/wp\/v2\/users\/1"}],"replies":[{"embeddable":true,"href":"http:\/\/starlinkinformatica.com.br\/index.php?rest_route=%2Fwp%2Fv2%2Fcomments&post=204"}],"version-history":[{"count":1,"href":"http:\/\/starlinkinformatica.com.br\/index.php?rest_route=\/wp\/v2\/pages\/204\/revisions"}],"predecessor-version":[{"id":206,"href":"http:\/\/starlinkinformatica.com.br\/index.php?rest_route=\/wp\/v2\/pages\/204\/revisions\/206"}],"wp:featuredmedia":[{"embeddable":true,"href":"http:\/\/starlinkinformatica.com.br\/index.php?rest_route=\/wp\/v2\/media\/205"}],"wp:attachment":[{"href":"http:\/\/starlinkinformatica.com.br\/index.php?rest_route=%2Fwp%2Fv2%2Fmedia&parent=204"}],"curies":[{"name":"wp","href":"https:\/\/api.w.org\/{rel}","templated":true}]}}