{"id":201,"date":"2021-04-28T03:53:23","date_gmt":"2021-04-28T06:53:23","guid":{"rendered":"http:\/\/starlinkinformatica.com.br\/?page_id=201"},"modified":"2021-04-28T03:53:27","modified_gmt":"2021-04-28T06:53:27","slug":"nutanix","status":"publish","type":"page","link":"http:\/\/starlinkinformatica.com.br\/?page_id=201","title":{"rendered":"Nutanix"},"content":{"rendered":"\n<p>A <strong>Nutanix<\/strong> torna a infraestrutura invis\u00edvel, elevando a TI para se concentrar nos aplicativos e servi\u00e7os que impulsionam seus neg\u00f3cios. A plataforma de nuvem corporativa da Nutanix aproveita a engenharia em escala da web e design de n\u00edvel de consumidor para convergir computa\u00e7\u00e3o, virtualiza\u00e7\u00e3o e armazenamento nativamente em uma solu\u00e7\u00e3o resiliente definida por software com intelig\u00eancia de m\u00e1quina rica. O resultado \u00e9 um desempenho previs\u00edvel, consumo de infraestrutura semelhante \u00e0 nuvem, seguran\u00e7a robusta e mobilidade de aplicativos perfeita para uma ampla gama de aplicativos corporativos.<\/p>\n\n\n\n<p>A solu\u00e7\u00e3o Nutanix permite a implanta\u00e7\u00e3o f\u00e1cil de qualquer carga de trabalho virtual, incluindo iniciativas de desktop virtual (VDI) em grande escala, aplicativos de desenvolvimento \/ teste, nuvens privadas, projetos de big data (Hadoop) e muito mais. Os clientes da Nutanix podem simplificar radicalmente e dimensionar perfeitamente suas infraestruturas de datacenter com dispositivos econ\u00f4micos que podem ser implantados em menos de 30 minutos para um r\u00e1pido tempo de retorno.<\/p>\n\n\n\n<p>A equipe da Nutanix Engineering \u00e9 liderada pelos mesmos desenvolvedores e arquitetos que criaram o renomado Google File System. A equipe de gerenciamento da empresa vem de empresas l\u00edderes em nuvem, banco de dados, virtualiza\u00e7\u00e3o e infraestrutura, e traz uma experi\u00eancia inigual\u00e1vel no desenvolvimento de tecnologias que afetam mercados de bilh\u00f5es de d\u00f3lares.<\/p>\n","protected":false},"excerpt":{"rendered":"<p>A Nutanix torna a infraestrutura invis\u00edvel, elevando a TI para se concentrar nos aplicativos e servi\u00e7os que impulsionam seus neg\u00f3cios. A plataforma de nuvem corporativa da Nutanix aproveita a engenharia em escala da web e design de n\u00edvel de consumidor para convergir computa\u00e7\u00e3o, virtualiza\u00e7\u00e3o e armazenamento nativamente em uma solu\u00e7\u00e3o resiliente definida por software com intelig\u00eancia de m\u00e1quina rica. O resultado \u00e9 um desempenho previs\u00edvel, consumo de infraestrutura semelhante \u00e0 nuvem, seguran\u00e7a robusta e mobilidade de aplicativos perfeita para uma ampla gama de aplicativos corporativos. A solu\u00e7\u00e3o Nutanix permite a implanta\u00e7\u00e3o f\u00e1cil de qualquer carga de trabalho virtual, incluindo iniciativas\u2026<\/p>\n","protected":false},"author":1,"featured_media":202,"parent":0,"menu_order":0,"comment_status":"closed","ping_status":"closed","template":"","meta":[],"blocksy_meta":"","_links":{"self":[{"href":"http:\/\/starlinkinformatica.com.br\/index.php?rest_route=\/wp\/v2\/pages\/201"}],"collection":[{"href":"http:\/\/starlinkinformatica.com.br\/index.php?rest_route=\/wp\/v2\/pages"}],"about":[{"href":"http:\/\/starlinkinformatica.com.br\/index.php?rest_route=\/wp\/v2\/types\/page"}],"author":[{"embeddable":true,"href":"http:\/\/starlinkinformatica.com.br\/index.php?rest_route=\/wp\/v2\/users\/1"}],"replies":[{"embeddable":true,"href":"http:\/\/starlinkinformatica.com.br\/index.php?rest_route=%2Fwp%2Fv2%2Fcomments&post=201"}],"version-history":[{"count":1,"href":"http:\/\/starlinkinformatica.com.br\/index.php?rest_route=\/wp\/v2\/pages\/201\/revisions"}],"predecessor-version":[{"id":203,"href":"http:\/\/starlinkinformatica.com.br\/index.php?rest_route=\/wp\/v2\/pages\/201\/revisions\/203"}],"wp:featuredmedia":[{"embeddable":true,"href":"http:\/\/starlinkinformatica.com.br\/index.php?rest_route=\/wp\/v2\/media\/202"}],"wp:attachment":[{"href":"http:\/\/starlinkinformatica.com.br\/index.php?rest_route=%2Fwp%2Fv2%2Fmedia&parent=201"}],"curies":[{"name":"wp","href":"https:\/\/api.w.org\/{rel}","templated":true}]}}