{"id":198,"date":"2021-04-28T03:51:07","date_gmt":"2021-04-28T06:51:07","guid":{"rendered":"http:\/\/starlinkinformatica.com.br\/?page_id=198"},"modified":"2021-04-28T03:51:11","modified_gmt":"2021-04-28T06:51:11","slug":"netapp","status":"publish","type":"page","link":"http:\/\/starlinkinformatica.com.br\/?page_id=198","title":{"rendered":"NetApp"},"content":{"rendered":"\n<ul><li>A <strong>NetApp<\/strong> come\u00e7ou em 1992, quando usar a Internet significava discar e ouvir bipes, estalos e eeps.&nbsp;Pelos padr\u00f5es das empresas de tecnologia, vimos de tudo e n\u00e3o apenas sobrevivemos, mas tamb\u00e9m prosperamos.&nbsp;Isso porque mantivemos nosso foco em uma coisa &#8211; os dados.&nbsp;Melhorar continuamente como ele \u00e9 gerenciado, armazenado, analisado, protegido e movido.<br><br>Ao longo de nossa hist\u00f3ria, conseguimos mudar e crescer com diferentes ondas de mudan\u00e7a.&nbsp;Na verdade, corremos em dire\u00e7\u00e3o a essas ondas e surgimos cavalgando-as como Kelly Slater.&nbsp;Nossa estrat\u00e9gia sempre foi moldada em torno de ajudar nossos clientes a aproveitar todo o potencial das novas tecnologias &#8211; desde o surgimento da Internet at\u00e9 ajudar grandes empresas em mercados verticais e trazer novos sistemas ao mercado.&nbsp;E hoje, estamos focados em desbloquear o melhor da nuvem, fazendo parceria com os maiores provedores de nuvem do mundo.Claro, o futuro ser\u00e1 preenchido com muito mais ondas de mudan\u00e7a.&nbsp;Seremos n\u00f3s que correremos em dire\u00e7\u00e3o a eles, adaptando e desenvolvendo nosso conhecimento e permitindo que outros aproveitem o passeio.<\/li><\/ul>\n","protected":false},"excerpt":{"rendered":"<p>A NetApp come\u00e7ou em 1992, quando usar a Internet significava discar e ouvir bipes, estalos e eeps.&nbsp;Pelos padr\u00f5es das empresas de tecnologia, vimos de tudo e n\u00e3o apenas sobrevivemos, mas tamb\u00e9m prosperamos.&nbsp;Isso porque mantivemos nosso foco em uma coisa &#8211; os dados.&nbsp;Melhorar continuamente como ele \u00e9 gerenciado, armazenado, analisado, protegido e movido. Ao longo de nossa hist\u00f3ria, conseguimos mudar e crescer com diferentes ondas de mudan\u00e7a.&nbsp;Na verdade, corremos em dire\u00e7\u00e3o a essas ondas e surgimos cavalgando-as como Kelly Slater.&nbsp;Nossa estrat\u00e9gia sempre foi moldada em torno de ajudar nossos clientes a aproveitar todo o potencial das novas tecnologias &#8211; desde o\u2026<\/p>\n","protected":false},"author":1,"featured_media":199,"parent":0,"menu_order":0,"comment_status":"closed","ping_status":"closed","template":"","meta":[],"blocksy_meta":"","_links":{"self":[{"href":"http:\/\/starlinkinformatica.com.br\/index.php?rest_route=\/wp\/v2\/pages\/198"}],"collection":[{"href":"http:\/\/starlinkinformatica.com.br\/index.php?rest_route=\/wp\/v2\/pages"}],"about":[{"href":"http:\/\/starlinkinformatica.com.br\/index.php?rest_route=\/wp\/v2\/types\/page"}],"author":[{"embeddable":true,"href":"http:\/\/starlinkinformatica.com.br\/index.php?rest_route=\/wp\/v2\/users\/1"}],"replies":[{"embeddable":true,"href":"http:\/\/starlinkinformatica.com.br\/index.php?rest_route=%2Fwp%2Fv2%2Fcomments&post=198"}],"version-history":[{"count":1,"href":"http:\/\/starlinkinformatica.com.br\/index.php?rest_route=\/wp\/v2\/pages\/198\/revisions"}],"predecessor-version":[{"id":200,"href":"http:\/\/starlinkinformatica.com.br\/index.php?rest_route=\/wp\/v2\/pages\/198\/revisions\/200"}],"wp:featuredmedia":[{"embeddable":true,"href":"http:\/\/starlinkinformatica.com.br\/index.php?rest_route=\/wp\/v2\/media\/199"}],"wp:attachment":[{"href":"http:\/\/starlinkinformatica.com.br\/index.php?rest_route=%2Fwp%2Fv2%2Fmedia&parent=198"}],"curies":[{"name":"wp","href":"https:\/\/api.w.org\/{rel}","templated":true}]}}