{"id":194,"date":"2021-04-28T03:48:27","date_gmt":"2021-04-28T06:48:27","guid":{"rendered":"http:\/\/starlinkinformatica.com.br\/?page_id=194"},"modified":"2021-04-28T03:49:57","modified_gmt":"2021-04-28T06:49:57","slug":"juniper-networks","status":"publish","type":"page","link":"http:\/\/starlinkinformatica.com.br\/?page_id=194","title":{"rendered":"Juniper Networks"},"content":{"rendered":"\n<p>A <strong>Juniper <\/strong>Networks est\u00e1 liderando a revolu\u00e7\u00e3o em redes, tornando-se uma das empresas de tecnologia mais interessantes do Vale do Sil\u00edcio hoje. Desde que foi fundada por Pradeep Sindhu, Dennis Ferguson e Bjorn Liencres h\u00e1 quase 20 anos, a \u00fanica miss\u00e3o da Juniper tem sido criar produtos e solu\u00e7\u00f5es inovadores que atendam \u00e0s crescentes demandas do mundo conectado.<\/p>\n\n\n\n<p>&nbsp;A Juniper Networks [NYSE: JNPR] est\u00e1 sediada em Sunnyvale, Calif\u00f3rnia, com mais de 9.000 funcion\u00e1rios em 70 pa\u00edses e quase US $ 5 bilh\u00f5es em receita. Nossos clientes incluem os 100 maiores provedores de servi\u00e7os globais e 30.000 empresas, incluindo a Global Fortune 100, bem como centenas de ag\u00eancias governamentais federais, estaduais e locais e organiza\u00e7\u00f5es de ensino superior.<\/p>\n\n\n\n<p>Na Juniper Networks, acreditamos que a rede \u00e9 o maior ve\u00edculo de conhecimento, compreens\u00e3o e avan\u00e7o humano que o mundo j\u00e1 conheceu. Agora, mais do que nunca, o mundo precisa de inova\u00e7\u00e3o em rede para conectar ideias e liberar todo o nosso potencial. A Juniper est\u00e1 adotando uma nova abordagem para a rede &#8211; inteligente, \u00e1gil, segura e aberta a qualquer fornecedor e ambiente de rede.<\/p>\n","protected":false},"excerpt":{"rendered":"<p>A Juniper Networks est\u00e1 liderando a revolu\u00e7\u00e3o em redes, tornando-se uma das empresas de tecnologia mais interessantes do Vale do Sil\u00edcio hoje. Desde que foi fundada por Pradeep Sindhu, Dennis Ferguson e Bjorn Liencres h\u00e1 quase 20 anos, a \u00fanica miss\u00e3o da Juniper tem sido criar produtos e solu\u00e7\u00f5es inovadores que atendam \u00e0s crescentes demandas do mundo conectado. &nbsp;A Juniper Networks [NYSE: JNPR] est\u00e1 sediada em Sunnyvale, Calif\u00f3rnia, com mais de 9.000 funcion\u00e1rios em 70 pa\u00edses e quase US $ 5 bilh\u00f5es em receita. Nossos clientes incluem os 100 maiores provedores de servi\u00e7os globais e 30.000 empresas, incluindo a Global\u2026<\/p>\n","protected":false},"author":1,"featured_media":195,"parent":0,"menu_order":0,"comment_status":"closed","ping_status":"closed","template":"","meta":[],"blocksy_meta":"","_links":{"self":[{"href":"http:\/\/starlinkinformatica.com.br\/index.php?rest_route=\/wp\/v2\/pages\/194"}],"collection":[{"href":"http:\/\/starlinkinformatica.com.br\/index.php?rest_route=\/wp\/v2\/pages"}],"about":[{"href":"http:\/\/starlinkinformatica.com.br\/index.php?rest_route=\/wp\/v2\/types\/page"}],"author":[{"embeddable":true,"href":"http:\/\/starlinkinformatica.com.br\/index.php?rest_route=\/wp\/v2\/users\/1"}],"replies":[{"embeddable":true,"href":"http:\/\/starlinkinformatica.com.br\/index.php?rest_route=%2Fwp%2Fv2%2Fcomments&post=194"}],"version-history":[{"count":2,"href":"http:\/\/starlinkinformatica.com.br\/index.php?rest_route=\/wp\/v2\/pages\/194\/revisions"}],"predecessor-version":[{"id":197,"href":"http:\/\/starlinkinformatica.com.br\/index.php?rest_route=\/wp\/v2\/pages\/194\/revisions\/197"}],"wp:featuredmedia":[{"embeddable":true,"href":"http:\/\/starlinkinformatica.com.br\/index.php?rest_route=\/wp\/v2\/media\/195"}],"wp:attachment":[{"href":"http:\/\/starlinkinformatica.com.br\/index.php?rest_route=%2Fwp%2Fv2%2Fmedia&parent=194"}],"curies":[{"name":"wp","href":"https:\/\/api.w.org\/{rel}","templated":true}]}}