{"id":191,"date":"2021-04-28T03:46:58","date_gmt":"2021-04-28T06:46:58","guid":{"rendered":"http:\/\/starlinkinformatica.com.br\/?page_id=191"},"modified":"2021-04-28T03:47:02","modified_gmt":"2021-04-28T06:47:02","slug":"hewlett-packard-enterprise","status":"publish","type":"page","link":"http:\/\/starlinkinformatica.com.br\/?page_id=191","title":{"rendered":"Hewlett Packard Enterprise"},"content":{"rendered":"\n<p>Em 1939, Bill Hewlett e Dave Packard, amigos de faculdade que se tornaram parceiros de neg\u00f3cios, iniciaram a startup original do Vale do Sil\u00edcio no espa\u00e7o de uma garagem alugada em Palo Alto. Come\u00e7ando com osciladores de \u00e1udio, os amigos constru\u00edram a base para uma empresa que cresceria e se tornaria l\u00edder global em tecnologia empresarial.<\/p>\n\n\n\n<p>\u00a0Mais de 75 anos depois, nosso sucesso \u00e9 exemplificado por meio do impulso de nossos funcion\u00e1rios para desenvolver ideias que tragam inova\u00e7\u00f5es significativas para nossos clientes e parceiros em todo o mundo. Somos guiados por nossa miss\u00e3o de ajudar os clientes a usar a tecnologia para transformar ideias em valor e capacit\u00e1-los para transformar setores, mercados e vidas. Simplificamos a TI h\u00edbrida, potencializamos o Intelligent Edge e fornecemos a experi\u00eancia para fazer tudo acontecer.<\/p>\n","protected":false},"excerpt":{"rendered":"<p>Em 1939, Bill Hewlett e Dave Packard, amigos de faculdade que se tornaram parceiros de neg\u00f3cios, iniciaram a startup original do Vale do Sil\u00edcio no espa\u00e7o de uma garagem alugada em Palo Alto. Come\u00e7ando com osciladores de \u00e1udio, os amigos constru\u00edram a base para uma empresa que cresceria e se tornaria l\u00edder global em tecnologia empresarial. \u00a0Mais de 75 anos depois, nosso sucesso \u00e9 exemplificado por meio do impulso de nossos funcion\u00e1rios para desenvolver ideias que tragam inova\u00e7\u00f5es significativas para nossos clientes e parceiros em todo o mundo. Somos guiados por nossa miss\u00e3o de ajudar os clientes a usar a\u2026<\/p>\n","protected":false},"author":1,"featured_media":192,"parent":0,"menu_order":0,"comment_status":"closed","ping_status":"closed","template":"","meta":[],"blocksy_meta":"","_links":{"self":[{"href":"http:\/\/starlinkinformatica.com.br\/index.php?rest_route=\/wp\/v2\/pages\/191"}],"collection":[{"href":"http:\/\/starlinkinformatica.com.br\/index.php?rest_route=\/wp\/v2\/pages"}],"about":[{"href":"http:\/\/starlinkinformatica.com.br\/index.php?rest_route=\/wp\/v2\/types\/page"}],"author":[{"embeddable":true,"href":"http:\/\/starlinkinformatica.com.br\/index.php?rest_route=\/wp\/v2\/users\/1"}],"replies":[{"embeddable":true,"href":"http:\/\/starlinkinformatica.com.br\/index.php?rest_route=%2Fwp%2Fv2%2Fcomments&post=191"}],"version-history":[{"count":1,"href":"http:\/\/starlinkinformatica.com.br\/index.php?rest_route=\/wp\/v2\/pages\/191\/revisions"}],"predecessor-version":[{"id":193,"href":"http:\/\/starlinkinformatica.com.br\/index.php?rest_route=\/wp\/v2\/pages\/191\/revisions\/193"}],"wp:featuredmedia":[{"embeddable":true,"href":"http:\/\/starlinkinformatica.com.br\/index.php?rest_route=\/wp\/v2\/media\/192"}],"wp:attachment":[{"href":"http:\/\/starlinkinformatica.com.br\/index.php?rest_route=%2Fwp%2Fv2%2Fmedia&parent=191"}],"curies":[{"name":"wp","href":"https:\/\/api.w.org\/{rel}","templated":true}]}}