{"id":188,"date":"2021-04-28T03:45:17","date_gmt":"2021-04-28T06:45:17","guid":{"rendered":"http:\/\/starlinkinformatica.com.br\/?page_id=188"},"modified":"2021-04-29T14:37:40","modified_gmt":"2021-04-29T17:37:40","slug":"dell-emc","status":"publish","type":"page","link":"http:\/\/starlinkinformatica.com.br\/?page_id=188","title":{"rendered":"Dell EMC"},"content":{"rendered":"\n<p><strong>Dell EMC<\/strong> faz parte da fam\u00edlia de marcas Dell Technologies. Dell Technologies \u00e9 uma fam\u00edlia \u00fanica de empresas que fornece a infraestrutura essencial para que as organiza\u00e7\u00f5es construam seu futuro digital, transformem a TI e protejam seu ativo mais importante: a informa\u00e7\u00e3o. A empresa atende clientes de todos os tamanhos em 180 pa\u00edses &#8211; variando de 98 por cento das Fortune 500 a consumidores individuais &#8211; com o portf\u00f3lio mais abrangente e inovador do setor, desde a borda ao n\u00facleo at\u00e9 a nuvem.<\/p>\n","protected":false},"excerpt":{"rendered":"<p>Dell EMC faz parte da fam\u00edlia de marcas Dell Technologies. Dell Technologies \u00e9 uma fam\u00edlia \u00fanica de empresas que fornece a infraestrutura essencial para que as organiza\u00e7\u00f5es construam seu futuro digital, transformem a TI e protejam seu ativo mais importante: a informa\u00e7\u00e3o. A empresa atende clientes de todos os tamanhos em 180 pa\u00edses &#8211; variando de 98 por cento das Fortune 500 a consumidores individuais &#8211; com o portf\u00f3lio mais abrangente e inovador do setor, desde a borda ao n\u00facleo at\u00e9 a nuvem.<\/p>\n","protected":false},"author":1,"featured_media":189,"parent":0,"menu_order":0,"comment_status":"closed","ping_status":"closed","template":"","meta":[],"blocksy_meta":"","_links":{"self":[{"href":"http:\/\/starlinkinformatica.com.br\/index.php?rest_route=\/wp\/v2\/pages\/188"}],"collection":[{"href":"http:\/\/starlinkinformatica.com.br\/index.php?rest_route=\/wp\/v2\/pages"}],"about":[{"href":"http:\/\/starlinkinformatica.com.br\/index.php?rest_route=\/wp\/v2\/types\/page"}],"author":[{"embeddable":true,"href":"http:\/\/starlinkinformatica.com.br\/index.php?rest_route=\/wp\/v2\/users\/1"}],"replies":[{"embeddable":true,"href":"http:\/\/starlinkinformatica.com.br\/index.php?rest_route=%2Fwp%2Fv2%2Fcomments&post=188"}],"version-history":[{"count":2,"href":"http:\/\/starlinkinformatica.com.br\/index.php?rest_route=\/wp\/v2\/pages\/188\/revisions"}],"predecessor-version":[{"id":494,"href":"http:\/\/starlinkinformatica.com.br\/index.php?rest_route=\/wp\/v2\/pages\/188\/revisions\/494"}],"wp:featuredmedia":[{"embeddable":true,"href":"http:\/\/starlinkinformatica.com.br\/index.php?rest_route=\/wp\/v2\/media\/189"}],"wp:attachment":[{"href":"http:\/\/starlinkinformatica.com.br\/index.php?rest_route=%2Fwp%2Fv2%2Fmedia&parent=188"}],"curies":[{"name":"wp","href":"https:\/\/api.w.org\/{rel}","templated":true}]}}