{"id":166,"date":"2021-04-28T03:14:35","date_gmt":"2021-04-28T06:14:35","guid":{"rendered":"http:\/\/starlinkinformatica.com.br\/?page_id=166"},"modified":"2021-04-28T03:14:38","modified_gmt":"2021-04-28T06:14:38","slug":"hitachi","status":"publish","type":"page","link":"http:\/\/starlinkinformatica.com.br\/?page_id=166","title":{"rendered":"Hitachi"},"content":{"rendered":"\n<p>Como parte da Hitachi, Ltd., temos orgulho de uma longa e rica hist\u00f3ria de inova\u00e7\u00e3o, solidez financeira e presen\u00e7a global de uma das maiores empresas do mundo.\u00a0Ao mesmo tempo em que trabalhamos com uma vasta rede global de empresas Hitachi interconectadas, vamos ao mercado regionalmente para que possamos permanecer \u00e1geis e focados o suficiente para dar suporte total aos clientes de uma maneira \u00edntima e localizada.Desde 1910, a Hitachi, Ltd. \u00e9 l\u00edder em produtos e solu\u00e7\u00f5es inovadores que d\u00e3o suporte \u00e0 ind\u00fastria e \u00e0 infraestrutura social em todo o mundo.\u00a0Todas as empresas Hitachi, Ltd. operam como \u201cUma Hitachi\u201d e s\u00e3o guiadas pelo Esp\u00edrito Hitachi de harmonia, sinceridade e esp\u00edrito pioneiro.<\/p>\n","protected":false},"excerpt":{"rendered":"<p>Como parte da Hitachi, Ltd., temos orgulho de uma longa e rica hist\u00f3ria de inova\u00e7\u00e3o, solidez financeira e presen\u00e7a global de uma das maiores empresas do mundo.\u00a0Ao mesmo tempo em que trabalhamos com uma vasta rede global de empresas Hitachi interconectadas, vamos ao mercado regionalmente para que possamos permanecer \u00e1geis e focados o suficiente para dar suporte total aos clientes de uma maneira \u00edntima e localizada.Desde 1910, a Hitachi, Ltd. \u00e9 l\u00edder em produtos e solu\u00e7\u00f5es inovadores que d\u00e3o suporte \u00e0 ind\u00fastria e \u00e0 infraestrutura social em todo o mundo.\u00a0Todas as empresas Hitachi, Ltd. operam como \u201cUma Hitachi\u201d e s\u00e3o\u2026<\/p>\n","protected":false},"author":1,"featured_media":167,"parent":0,"menu_order":0,"comment_status":"closed","ping_status":"closed","template":"","meta":[],"blocksy_meta":"","_links":{"self":[{"href":"http:\/\/starlinkinformatica.com.br\/index.php?rest_route=\/wp\/v2\/pages\/166"}],"collection":[{"href":"http:\/\/starlinkinformatica.com.br\/index.php?rest_route=\/wp\/v2\/pages"}],"about":[{"href":"http:\/\/starlinkinformatica.com.br\/index.php?rest_route=\/wp\/v2\/types\/page"}],"author":[{"embeddable":true,"href":"http:\/\/starlinkinformatica.com.br\/index.php?rest_route=\/wp\/v2\/users\/1"}],"replies":[{"embeddable":true,"href":"http:\/\/starlinkinformatica.com.br\/index.php?rest_route=%2Fwp%2Fv2%2Fcomments&post=166"}],"version-history":[{"count":1,"href":"http:\/\/starlinkinformatica.com.br\/index.php?rest_route=\/wp\/v2\/pages\/166\/revisions"}],"predecessor-version":[{"id":168,"href":"http:\/\/starlinkinformatica.com.br\/index.php?rest_route=\/wp\/v2\/pages\/166\/revisions\/168"}],"wp:featuredmedia":[{"embeddable":true,"href":"http:\/\/starlinkinformatica.com.br\/index.php?rest_route=\/wp\/v2\/media\/167"}],"wp:attachment":[{"href":"http:\/\/starlinkinformatica.com.br\/index.php?rest_route=%2Fwp%2Fv2%2Fmedia&parent=166"}],"curies":[{"name":"wp","href":"https:\/\/api.w.org\/{rel}","templated":true}]}}