{"id":163,"date":"2021-04-28T03:13:22","date_gmt":"2021-04-28T06:13:22","guid":{"rendered":"http:\/\/starlinkinformatica.com.br\/?page_id=163"},"modified":"2021-04-28T03:13:25","modified_gmt":"2021-04-28T06:13:25","slug":"azure","status":"publish","type":"page","link":"http:\/\/starlinkinformatica.com.br\/?page_id=163","title":{"rendered":"Azure"},"content":{"rendered":"\n<p>Transforme suas ideias em inova\u00e7\u00e3o usando produtos e servi\u00e7os confi\u00e1veis do Azure. Cumpra as metas com a liberdade e a flexibilidade de criar, gerenciar e implantar os aplicativos em qualquer lugar. Use as linguagens, as estruturas e a infraestrutura de sua prefer\u00eancia \u2013 at\u00e9 mesmo um datacenter pr\u00f3prio e outras nuvens para resolver desafios grandes e pequenos.<\/p>\n\n\n\n<p>Com a ajuda do Azure, voc\u00ea tem tudo o que precisa para criar sua pr\u00f3xima solu\u00e7\u00e3o incr\u00edvel.<\/p>\n","protected":false},"excerpt":{"rendered":"<p>Transforme suas ideias em inova\u00e7\u00e3o usando produtos e servi\u00e7os confi\u00e1veis do Azure. Cumpra as metas com a liberdade e a flexibilidade de criar, gerenciar e implantar os aplicativos em qualquer lugar. Use as linguagens, as estruturas e a infraestrutura de sua prefer\u00eancia \u2013 at\u00e9 mesmo um datacenter pr\u00f3prio e outras nuvens para resolver desafios grandes e pequenos. Com a ajuda do Azure, voc\u00ea tem tudo o que precisa para criar sua pr\u00f3xima solu\u00e7\u00e3o incr\u00edvel.<\/p>\n","protected":false},"author":1,"featured_media":164,"parent":0,"menu_order":0,"comment_status":"closed","ping_status":"closed","template":"","meta":[],"blocksy_meta":"","_links":{"self":[{"href":"http:\/\/starlinkinformatica.com.br\/index.php?rest_route=\/wp\/v2\/pages\/163"}],"collection":[{"href":"http:\/\/starlinkinformatica.com.br\/index.php?rest_route=\/wp\/v2\/pages"}],"about":[{"href":"http:\/\/starlinkinformatica.com.br\/index.php?rest_route=\/wp\/v2\/types\/page"}],"author":[{"embeddable":true,"href":"http:\/\/starlinkinformatica.com.br\/index.php?rest_route=\/wp\/v2\/users\/1"}],"replies":[{"embeddable":true,"href":"http:\/\/starlinkinformatica.com.br\/index.php?rest_route=%2Fwp%2Fv2%2Fcomments&post=163"}],"version-history":[{"count":1,"href":"http:\/\/starlinkinformatica.com.br\/index.php?rest_route=\/wp\/v2\/pages\/163\/revisions"}],"predecessor-version":[{"id":165,"href":"http:\/\/starlinkinformatica.com.br\/index.php?rest_route=\/wp\/v2\/pages\/163\/revisions\/165"}],"wp:featuredmedia":[{"embeddable":true,"href":"http:\/\/starlinkinformatica.com.br\/index.php?rest_route=\/wp\/v2\/media\/164"}],"wp:attachment":[{"href":"http:\/\/starlinkinformatica.com.br\/index.php?rest_route=%2Fwp%2Fv2%2Fmedia&parent=163"}],"curies":[{"name":"wp","href":"https:\/\/api.w.org\/{rel}","templated":true}]}}