{"id":160,"date":"2021-04-28T03:11:48","date_gmt":"2021-04-28T06:11:48","guid":{"rendered":"http:\/\/starlinkinformatica.com.br\/?page_id=160"},"modified":"2021-04-28T03:11:52","modified_gmt":"2021-04-28T06:11:52","slug":"aws","status":"publish","type":"page","link":"http:\/\/starlinkinformatica.com.br\/?page_id=160","title":{"rendered":"AWS"},"content":{"rendered":"\n<p> A Amazon Web Services \u00e9 a plataforma de nuvem mais adotada e mais abrangente do mundo, oferecendo mais de 200 servi\u00e7os completos de datacenters em todo o mundo. Milh\u00f5es de clientes, incluindo as startups de crescimento mais r\u00e1pido, grandes empresas e os maiores \u00f3rg\u00e3o governamentais, est\u00e3o usando a AWS para reduzirem seus custos, ficarem mais \u00e1geis e inovarem mais rapidamente.<\/p>\n","protected":false},"excerpt":{"rendered":"<p>A Amazon Web Services \u00e9 a plataforma de nuvem mais adotada e mais abrangente do mundo, oferecendo mais de 200 servi\u00e7os completos de datacenters em todo o mundo. Milh\u00f5es de clientes, incluindo as startups de crescimento mais r\u00e1pido, grandes empresas e os maiores \u00f3rg\u00e3o governamentais, est\u00e3o usando a AWS para reduzirem seus custos, ficarem mais \u00e1geis e inovarem mais rapidamente.<\/p>\n","protected":false},"author":1,"featured_media":161,"parent":0,"menu_order":0,"comment_status":"closed","ping_status":"closed","template":"","meta":[],"blocksy_meta":"","_links":{"self":[{"href":"http:\/\/starlinkinformatica.com.br\/index.php?rest_route=\/wp\/v2\/pages\/160"}],"collection":[{"href":"http:\/\/starlinkinformatica.com.br\/index.php?rest_route=\/wp\/v2\/pages"}],"about":[{"href":"http:\/\/starlinkinformatica.com.br\/index.php?rest_route=\/wp\/v2\/types\/page"}],"author":[{"embeddable":true,"href":"http:\/\/starlinkinformatica.com.br\/index.php?rest_route=\/wp\/v2\/users\/1"}],"replies":[{"embeddable":true,"href":"http:\/\/starlinkinformatica.com.br\/index.php?rest_route=%2Fwp%2Fv2%2Fcomments&post=160"}],"version-history":[{"count":1,"href":"http:\/\/starlinkinformatica.com.br\/index.php?rest_route=\/wp\/v2\/pages\/160\/revisions"}],"predecessor-version":[{"id":162,"href":"http:\/\/starlinkinformatica.com.br\/index.php?rest_route=\/wp\/v2\/pages\/160\/revisions\/162"}],"wp:featuredmedia":[{"embeddable":true,"href":"http:\/\/starlinkinformatica.com.br\/index.php?rest_route=\/wp\/v2\/media\/161"}],"wp:attachment":[{"href":"http:\/\/starlinkinformatica.com.br\/index.php?rest_route=%2Fwp%2Fv2%2Fmedia&parent=160"}],"curies":[{"name":"wp","href":"https:\/\/api.w.org\/{rel}","templated":true}]}}