{"id":157,"date":"2021-04-28T03:10:15","date_gmt":"2021-04-28T06:10:15","guid":{"rendered":"http:\/\/starlinkinformatica.com.br\/?page_id=157"},"modified":"2021-04-28T03:10:20","modified_gmt":"2021-04-28T06:10:20","slug":"alteryx","status":"publish","type":"page","link":"http:\/\/starlinkinformatica.com.br\/?page_id=157","title":{"rendered":"Alteryx"},"content":{"rendered":"\n<p>A Alteryx \u00e9 l\u00edder em AnalyticProcess Automation (APA). A plataforma Alteryx APA unifica an\u00e1lise, ci\u00eancia de dados e automa\u00e7\u00e3o de processos de neg\u00f3cios em uma plataforma f\u00e1cil de usar, acelerando a transforma\u00e7\u00e3o digital. Qualquer profissional de dados, independente da capacidade t\u00e9cnica, tem o poder de ser curioso e de resolver problemas. Com a nossa plataforma, eles podem encontrar e entender quais informa\u00e7\u00f5es est\u00e3o \u00e0 sua disposi\u00e7\u00e3o, analisar mais fontes e fornecer insights de neg\u00f3cios com facilidade.<\/p>\n","protected":false},"excerpt":{"rendered":"<p>A Alteryx \u00e9 l\u00edder em AnalyticProcess Automation (APA). A plataforma Alteryx APA unifica an\u00e1lise, ci\u00eancia de dados e automa\u00e7\u00e3o de processos de neg\u00f3cios em uma plataforma f\u00e1cil de usar, acelerando a transforma\u00e7\u00e3o digital. Qualquer profissional de dados, independente da capacidade t\u00e9cnica, tem o poder de ser curioso e de resolver problemas. Com a nossa plataforma, eles podem encontrar e entender quais informa\u00e7\u00f5es est\u00e3o \u00e0 sua disposi\u00e7\u00e3o, analisar mais fontes e fornecer insights de neg\u00f3cios com facilidade.<\/p>\n","protected":false},"author":1,"featured_media":158,"parent":0,"menu_order":0,"comment_status":"closed","ping_status":"closed","template":"","meta":[],"blocksy_meta":"","_links":{"self":[{"href":"http:\/\/starlinkinformatica.com.br\/index.php?rest_route=\/wp\/v2\/pages\/157"}],"collection":[{"href":"http:\/\/starlinkinformatica.com.br\/index.php?rest_route=\/wp\/v2\/pages"}],"about":[{"href":"http:\/\/starlinkinformatica.com.br\/index.php?rest_route=\/wp\/v2\/types\/page"}],"author":[{"embeddable":true,"href":"http:\/\/starlinkinformatica.com.br\/index.php?rest_route=\/wp\/v2\/users\/1"}],"replies":[{"embeddable":true,"href":"http:\/\/starlinkinformatica.com.br\/index.php?rest_route=%2Fwp%2Fv2%2Fcomments&post=157"}],"version-history":[{"count":1,"href":"http:\/\/starlinkinformatica.com.br\/index.php?rest_route=\/wp\/v2\/pages\/157\/revisions"}],"predecessor-version":[{"id":159,"href":"http:\/\/starlinkinformatica.com.br\/index.php?rest_route=\/wp\/v2\/pages\/157\/revisions\/159"}],"wp:featuredmedia":[{"embeddable":true,"href":"http:\/\/starlinkinformatica.com.br\/index.php?rest_route=\/wp\/v2\/media\/158"}],"wp:attachment":[{"href":"http:\/\/starlinkinformatica.com.br\/index.php?rest_route=%2Fwp%2Fv2%2Fmedia&parent=157"}],"curies":[{"name":"wp","href":"https:\/\/api.w.org\/{rel}","templated":true}]}}