{"id":135,"date":"2021-04-27T22:12:09","date_gmt":"2021-04-28T01:12:09","guid":{"rendered":"http:\/\/starlinkinformatica.com.br\/?page_id=135"},"modified":"2021-04-28T18:13:17","modified_gmt":"2021-04-28T21:13:17","slug":"quem-somos","status":"publish","type":"page","link":"http:\/\/starlinkinformatica.com.br\/?page_id=135","title":{"rendered":"Quem Somos"},"content":{"rendered":"\t\t<div data-elementor-type=\"wp-page\" data-elementor-id=\"135\" class=\"elementor elementor-135\" data-elementor-settings=\"[]\">\n\t\t\t\t\t\t\t<div class=\"elementor-section-wrap\">\n\t\t\t\t\t\t\t<section class=\"elementor-section elementor-top-section elementor-element elementor-element-57d5 elementor-section-boxed elementor-section-height-default elementor-section-height-default\" data-id=\"57d5\" data-element_type=\"section\">\n\t\t\t\t\t\t<div class=\"elementor-container elementor-column-gap-default\">\n\t\t\t\t\t<div class=\"elementor-column elementor-col-100 elementor-top-column elementor-element elementor-element-66df\" data-id=\"66df\" data-element_type=\"column\">\n\t\t\t<div class=\"elementor-widget-wrap elementor-element-populated\">\n\t\t\t\t\t\t\t\t<div class=\"elementor-element elementor-element-9ee elementor-widget elementor-widget-text-editor\" data-id=\"9ee\" data-element_type=\"widget\" data-widget_type=\"text-editor.default\">\n\t\t\t\t<div class=\"elementor-widget-container\">\n\t\t\t\t\t\t\t\t<!-- wp:paragraph -->\n<p>H\u00e1 mais de 20 anos no mercado, a StarLink Inform\u00e1tica vem apoiando clientes de diversos segmentos com desafios de Infraestrutura de Tecnologia e nos \u00faltimos anos com tantos avan\u00e7os tecnol\u00f3gicos, iniciamos uma jornada para ajudar sua empresa a melhorar sua produtividade.<\/p>\n<!-- \/wp:paragraph --><!-- wp:paragraph -->\n<p>A Starlink agora passa oferecer tamb\u00e9m uma consultoria de Business Analytics, Data Science e Big Data, levando os benef\u00edcios da intelig\u00eancia artificial para atuar a favor do seu neg\u00f3cio.<\/p>\n<!-- \/wp:paragraph --><!-- wp:paragraph -->\n<p>A seriedade, profissionalismo, qualidade e seguran\u00e7a na presta\u00e7\u00e3o de servi\u00e7os \u00e9 a melhor maneira de estabelecer uma parceria com nossos clientes, com o objetivo de proporcionar o perfeito funcionamento do ambiente tecnol\u00f3gico. O foco da StarLink s\u00e3o empresas que investem em inova\u00e7\u00e3o tecnol\u00f3gica para simplificar suas tarefas.<\/p>\n<!-- \/wp:core-embed\/youtube -->\t\t\t\t\t\t<\/div>\n\t\t\t\t<\/div>\n\t\t\t\t\t<\/div>\n\t\t<\/div>\n\t\t\t\t\t\t\t<\/div>\n\t\t<\/section>\n\t\t\t\t<section class=\"elementor-section elementor-top-section elementor-element elementor-element-0403448 elementor-section-boxed elementor-section-height-default elementor-section-height-default\" data-id=\"0403448\" data-element_type=\"section\">\n\t\t\t\t\t\t<div class=\"elementor-container elementor-column-gap-default\">\n\t\t\t\t\t<div class=\"elementor-column elementor-col-100 elementor-top-column elementor-element elementor-element-eeba62c\" data-id=\"eeba62c\" data-element_type=\"column\">\n\t\t\t<div class=\"elementor-widget-wrap elementor-element-populated\">\n\t\t\t\t\t\t\t\t<div class=\"elementor-element elementor-element-bbb084a elementor-tabs-view-vertical elementor-widget elementor-widget-tabs\" data-id=\"bbb084a\" data-element_type=\"widget\" data-widget_type=\"tabs.default\">\n\t\t\t\t<div class=\"elementor-widget-container\">\n\t\t\t\t\t<div class=\"elementor-tabs\">\n\t\t\t<div class=\"elementor-tabs-wrapper\" role=\"tablist\" >\n\t\t\t\t\t\t\t\t\t<div id=\"elementor-tab-title-1961\" class=\"elementor-tab-title elementor-tab-desktop-title\" aria-selected=\"true\" data-tab=\"1\" role=\"tab\" tabindex=\"0\" aria-controls=\"elementor-tab-content-1961\" aria-expanded=\"false\">Miss\u00e3o:<\/div>\n\t\t\t\t\t\t\t\t\t<div id=\"elementor-tab-title-1962\" class=\"elementor-tab-title elementor-tab-desktop-title\" aria-selected=\"false\" data-tab=\"2\" role=\"tab\" tabindex=\"-1\" aria-controls=\"elementor-tab-content-1962\" aria-expanded=\"false\">Prop\u00f3sito:<\/div>\n\t\t\t\t\t\t\t<\/div>\n\t\t\t<div class=\"elementor-tabs-content-wrapper\" role=\"tablist\" aria-orientation=\"vertical\">\n\t\t\t\t\t\t\t\t\t<div class=\"elementor-tab-title elementor-tab-mobile-title\" aria-selected=\"true\" data-tab=\"1\" role=\"tab\" tabindex=\"0\" aria-controls=\"elementor-tab-content-1961\" aria-expanded=\"false\">Miss\u00e3o:<\/div>\n\t\t\t\t\t<div id=\"elementor-tab-content-1961\" class=\"elementor-tab-content elementor-clearfix\" data-tab=\"1\" role=\"tabpanel\" aria-labelledby=\"elementor-tab-title-1961\" tabindex=\"0\" hidden=\"false\"><p>Prover servi\u00e7os e solu\u00e7\u00f5es alinhadas \u00e0s necessidades do mercado e ser reconhecida como refer\u00eancia tecnol\u00f3gica com transpar\u00eancia e compet\u00eancia em suas rela\u00e7\u00f5es.<\/p><\/div>\n\t\t\t\t\t\t\t\t\t<div class=\"elementor-tab-title elementor-tab-mobile-title\" aria-selected=\"false\" data-tab=\"2\" role=\"tab\" tabindex=\"-1\" aria-controls=\"elementor-tab-content-1962\" aria-expanded=\"false\">Prop\u00f3sito:<\/div>\n\t\t\t\t\t<div id=\"elementor-tab-content-1962\" class=\"elementor-tab-content elementor-clearfix\" data-tab=\"2\" role=\"tabpanel\" aria-labelledby=\"elementor-tab-title-1962\" tabindex=\"0\" hidden=\"hidden\"><p>A Starlink quer ser o parceiro nesta jornada de evolu\u00e7\u00e3o anal\u00edtica, facilitando os processos, implementando as tecnologias adequadas e provendo toda capacita\u00e7\u00e3o e suporte para o crescimento das empresas.<\/p><\/div>\n\t\t\t\t\t\t\t<\/div>\n\t\t<\/div>\n\t\t\t\t<\/div>\n\t\t\t\t<\/div>\n\t\t\t\t\t<\/div>\n\t\t<\/div>\n\t\t\t\t\t\t\t<\/div>\n\t\t<\/section>\n\t\t\t\t<section class=\"elementor-section elementor-top-section elementor-element elementor-element-3bd97bc elementor-section-boxed elementor-section-height-default elementor-section-height-default\" data-id=\"3bd97bc\" data-element_type=\"section\">\n\t\t\t\t\t\t<div class=\"elementor-container elementor-column-gap-default\">\n\t\t\t\t\t<div class=\"elementor-column elementor-col-100 elementor-top-column elementor-element elementor-element-422756e\" data-id=\"422756e\" data-element_type=\"column\">\n\t\t\t<div class=\"elementor-widget-wrap elementor-element-populated\">\n\t\t\t\t\t\t\t\t<div class=\"elementor-element elementor-element-8c3ebbe elementor-aspect-ratio-169 elementor-widget elementor-widget-video\" data-id=\"8c3ebbe\" data-element_type=\"widget\" data-settings=\"{&quot;youtube_url&quot;:&quot;https:\\\/\\\/www.youtube.com\\\/watch?v=bz9Mk3gupUM&quot;,&quot;video_type&quot;:&quot;youtube&quot;,&quot;controls&quot;:&quot;yes&quot;,&quot;aspect_ratio&quot;:&quot;169&quot;}\" data-widget_type=\"video.default\">\n\t\t\t\t<div class=\"elementor-widget-container\">\n\t\t\t\t\t<div class=\"elementor-wrapper elementor-fit-aspect-ratio elementor-open-inline\">\n\t\t\t<div class=\"elementor-video\"><\/div>\t\t<\/div>\n\t\t\t\t<\/div>\n\t\t\t\t<\/div>\n\t\t\t\t\t<\/div>\n\t\t<\/div>\n\t\t\t\t\t\t\t<\/div>\n\t\t<\/section>\n\t\t\t\t\t\t<\/div>\n\t\t\t\t\t<\/div>\n\t\t","protected":false},"excerpt":{"rendered":"<p>H\u00e1 mais de 20 anos no mercado, a StarLink Inform\u00e1tica vem apoiando clientes de diversos segmentos com desafios de Infraestrutura de Tecnologia e nos \u00faltimos anos com tantos avan\u00e7os tecnol\u00f3gicos, iniciamos uma jornada para ajudar sua empresa a melhorar sua produtividade. A Starlink agora passa oferecer tamb\u00e9m uma consultoria de Business Analytics, Data Science e Big Data, levando os benef\u00edcios da intelig\u00eancia artificial para atuar a favor do seu neg\u00f3cio. A seriedade, profissionalismo, qualidade e seguran\u00e7a na presta\u00e7\u00e3o de servi\u00e7os \u00e9 a melhor maneira de estabelecer uma parceria com nossos clientes, com o objetivo de proporcionar o perfeito funcionamento do\u2026<\/p>\n","protected":false},"author":1,"featured_media":136,"parent":0,"menu_order":0,"comment_status":"closed","ping_status":"closed","template":"","meta":[],"blocksy_meta":"","_links":{"self":[{"href":"http:\/\/starlinkinformatica.com.br\/index.php?rest_route=\/wp\/v2\/pages\/135"}],"collection":[{"href":"http:\/\/starlinkinformatica.com.br\/index.php?rest_route=\/wp\/v2\/pages"}],"about":[{"href":"http:\/\/starlinkinformatica.com.br\/index.php?rest_route=\/wp\/v2\/types\/page"}],"author":[{"embeddable":true,"href":"http:\/\/starlinkinformatica.com.br\/index.php?rest_route=\/wp\/v2\/users\/1"}],"replies":[{"embeddable":true,"href":"http:\/\/starlinkinformatica.com.br\/index.php?rest_route=%2Fwp%2Fv2%2Fcomments&post=135"}],"version-history":[{"count":8,"href":"http:\/\/starlinkinformatica.com.br\/index.php?rest_route=\/wp\/v2\/pages\/135\/revisions"}],"predecessor-version":[{"id":490,"href":"http:\/\/starlinkinformatica.com.br\/index.php?rest_route=\/wp\/v2\/pages\/135\/revisions\/490"}],"wp:featuredmedia":[{"embeddable":true,"href":"http:\/\/starlinkinformatica.com.br\/index.php?rest_route=\/wp\/v2\/media\/136"}],"wp:attachment":[{"href":"http:\/\/starlinkinformatica.com.br\/index.php?rest_route=%2Fwp%2Fv2%2Fmedia&parent=135"}],"curies":[{"name":"wp","href":"https:\/\/api.w.org\/{rel}","templated":true}]}}