{"id":120,"date":"2021-04-27T21:42:38","date_gmt":"2021-04-28T00:42:38","guid":{"rendered":"http:\/\/starlinkinformatica.com.br\/?page_id=120"},"modified":"2021-06-04T09:57:29","modified_gmt":"2021-06-04T12:57:29","slug":"pentaho-data-integration","status":"publish","type":"page","link":"http:\/\/starlinkinformatica.com.br\/?page_id=120","title":{"rendered":"Pentaho Data Integration"},"content":{"rendered":"\n<p>Gerencie o r\u00e1pido crescimento dos volumes, variedade e velocidade dos dados com ferramentas visuais que reduzem o tempo e a complexidade de constru\u00e7\u00e3o e manuten\u00e7\u00e3o de pipelines de dados anal\u00edticos.<\/p>\n\n\n\n<p>Fa\u00e7a a ingest\u00e3o de m\u00faltiplas fontes de dados para o seu Data Lake ou Datawarehouse, de maneira r\u00e1pida e eficiente. Escolha a <em>Engine<\/em> de execu\u00e7\u00e3o do seu Pipeline Analitico que melhor se adeque a sua necessidade, sem a altera\u00e7\u00e3o da sua regra de neg\u00f3cio.<\/p>\n\n\n\n<p>Crie, implante e monitore fluxos de dados de forma colaborativa para agilizar a entrega de dados.<\/p>\n\n\n\n<ul><li>Integra\u00e7\u00e3o de dados acelerada<ul><li>Ampla conectividade para praticamente qualquer fonte de dados ou aplicativo<\/li><\/ul><ul><li>Interface de arrastar e soltar para criar pipelines de dados<\/li><\/ul><ul><li>Modelos de fluxo de dados que executam do <em>edge-to-cloud<\/em><br><\/li><\/ul><\/li><li>Autoatendimento de dados<ul><li>visualiza\u00e7\u00e3o de dados em linha e passo a passo<\/li><\/ul><ul><li>Combine dados em qualquer lugar no local ou na nuvem<\/li><\/ul><ul><li>Arquitetura flex\u00edvel para rodar em qualquer lugar<br><\/li><\/ul><\/li><li>Orquestra\u00e7\u00e3o robusta do Dataflow<ul><li>Alterne perfeitamente entre o motor nativo do Pentaho e o Apache Spark<\/li><\/ul><ul><li>Operacionalize modelos de aprendizado de m\u00e1quina R, Python, Scala e Weka<\/li><\/ul><ul><li>Estenda para an\u00e1lise com integra\u00e7\u00e3o embutida em Apps e Portais de Informa\u00e7\u00e3o<\/li><\/ul><\/li><\/ul>\n\n\n\n<p>Com Pentaho Data Integration (PDI), um produto LumadaDataOpsSuite, o gerenciamento de enormes volumes e aumento da variedade e velocidade de entrada de dados nas organiza\u00e7\u00f5es \u00e9 simplificado. O PDI fornece dados prontos para an\u00e1lise aos usu\u00e1rios finais mais rapidamente com ferramentas visuais que reduzem o tempo e a complexidade. Sem escrever SQL ou codificar em Java ou Python, as organiza\u00e7\u00f5es imediatamente obt\u00eam valor real de seus dados, de fontes como arquivos, bancos de dados relacionais, Hadoop e muito mais, que est\u00e3o na nuvem ou no local.<\/p>\n\n\n\n<p>Transforme o Big Data em an\u00e1lises acion\u00e1veis. A camada de big data adapt\u00e1vel da Pentaho permite que voc\u00ea se conecte a armazenamentos de big data populares com flexibilidade e isolamento contra mudan\u00e7as. Os dados podem ser acessados \u200b\u200buma vez, depois processados, combinados e consumidos em qualquer lugar. A camada de big data adapt\u00e1vel da Pentaho inclui plug-ins para distribui\u00e7\u00f5es Hadoop de Cloudera, Hortonworks, MapR, Amazon Web Services ElasticMapReduce (AWS EMR), Google Cloud e Microsoft AzureHDInsight, armazenamentos de objetos como Hitachi Content Platform, bem como bancos de dados NoSQL populares como MongoDB e Cassandra.<\/p>\n\n\n\n<figure class=\"wp-block-image size-large\"><img loading=\"lazy\" width=\"1014\" height=\"895\" src=\"http:\/\/starlinkinformatica.com.br\/wp-content\/uploads\/2021\/04\/2.jpg\" alt=\"\" class=\"wp-image-122\" srcset=\"http:\/\/starlinkinformatica.com.br\/wp-content\/uploads\/2021\/04\/2.jpg 1014w, http:\/\/starlinkinformatica.com.br\/wp-content\/uploads\/2021\/04\/2-300x265.jpg 300w, http:\/\/starlinkinformatica.com.br\/wp-content\/uploads\/2021\/04\/2-768x678.jpg 768w\" sizes=\"(max-width: 1014px) 100vw, 1014px\" \/><\/figure>\n\n\n\n<p class=\"has-palette-color-5-color has-palette-color-1-background-color has-text-color has-background\">Contate-nos e veja como podemos te ajudar nesse processo!<\/p>\n\n\n\n<div class=\"forminator-guttenberg\"><div class=\"forminator-ui forminator-custom-form forminator-custom-form-103 forminator-design--flat  forminator_ajax\" data-forminator-render=\"0\" data-form=\"forminator-module-103\"><br\/><\/div><form\n\t\t\t\tid=\"forminator-module-103\"\n\t\t\t\tclass=\"forminator-ui forminator-custom-form forminator-custom-form-103 forminator-design--flat  forminator_ajax\"\n\t\t\t\taction=\"\"\n\t\t\t\tmethod=\"post\"\n\t\t\t\tdata-forminator-render=\"0\"\n\t\t\t\tdata-form-id=\"103\"\n\t\t\t\t\n\t\t\t\tdata-design=\"flat\"\n\t\t\t\t\n\t\t\t\t\n\t\t\t\t\n\t\t\t\tdata-grid=\"open\"\n\t\t\t\t\n\t\t\t\t\n\t\t\t\tstyle=\"display: none;\"\n\t\t\t><div class=\"forminator-response-message forminator-error\" aria-hidden=\"true\"><\/div><div class=\"forminator-row\"><div id=\"name-1\" class=\"forminator-col forminator-col-12 \"><div class=\"forminator-field\"><label for=\"forminator-field-name-1\" class=\"forminator-label\">Nome: <span class=\"forminator-required\">*<\/span><\/label><input type=\"text\" name=\"name-1\" value=\"\" placeholder=\"E.x. \" id=\"forminator-field-name-1\" class=\"forminator-input forminator-name--field\" aria-required=\"true\" \/><\/div><\/div><\/div><div class=\"forminator-row\"><div id=\"name-3\" class=\"forminator-col forminator-col-12 \"><div class=\"forminator-field\"><label for=\"forminator-field-name-3\" class=\"forminator-label\">Empresa: <span class=\"forminator-required\">*<\/span><\/label><input type=\"text\" name=\"name-3\" value=\"\" placeholder=\"E.x. \" id=\"forminator-field-name-3\" class=\"forminator-input forminator-name--field\" aria-required=\"true\" \/><\/div><\/div><\/div><div class=\"forminator-row\"><div id=\"email-1\" class=\"forminator-col forminator-col-6 \"><div class=\"forminator-field\"><label for=\"forminator-field-email-1\" class=\"forminator-label\">E-mail: <span class=\"forminator-required\">*<\/span><\/label><input type=\"email\" name=\"email-1\" value=\"\" placeholder=\"@.com\" id=\"forminator-field-email-1\" class=\"forminator-input forminator-email--field\" data-required=\"true\" aria-required=\"true\" \/><\/div><\/div><div id=\"phone-1\" class=\"forminator-col forminator-col-6 \"><div class=\"forminator-field\"><label for=\"forminator-field-phone-1\" class=\"forminator-label\">Telefone: <span class=\"forminator-required\">*<\/span><\/label><input type=\"text\" name=\"phone-1\" value=\"\" placeholder=\"+55 (11) 0000-0000\" id=\"forminator-field-phone-1\" class=\"forminator-input forminator-field--phone\" data-required=\"1\" aria-required=\"true\" autocomplete=\"off\" \/><\/div><\/div><\/div><div class=\"forminator-row\"><div id=\"checkbox-1\" class=\"forminator-col forminator-col-12 \"><div class=\"forminator-field\"><label class=\"forminator-label\">Assunto:<\/label><label for=\"forminator-field-checkbox-1-1-6a05f1c71ca67\" class=\"forminator-checkbox forminator-checkbox-inline\"><input type=\"checkbox\" name=\"checkbox-1[]\" value=\"produtos\" id=\"forminator-field-checkbox-1-1-6a05f1c71ca67\" data-calculation=\"0\"  \/><span aria-hidden=\"true\"><\/span><span>Produtos<\/span><\/label><label for=\"forminator-field-checkbox-1-2-6a05f1c71ca67\" class=\"forminator-checkbox forminator-checkbox-inline\"><input type=\"checkbox\" name=\"checkbox-1[]\" value=\"sugestes\" id=\"forminator-field-checkbox-1-2-6a05f1c71ca67\" data-calculation=\"0\"  \/><span aria-hidden=\"true\"><\/span><span>Sugest\u00f5es<\/span><\/label><label for=\"forminator-field-checkbox-1-3-6a05f1c71ca67\" class=\"forminator-checkbox forminator-checkbox-inline\"><input type=\"checkbox\" name=\"checkbox-1[]\" value=\"parcerias\" id=\"forminator-field-checkbox-1-3-6a05f1c71ca67\" data-calculation=\"0\"  \/><span aria-hidden=\"true\"><\/span><span>Parcerias<\/span><\/label><label for=\"forminator-field-checkbox-1-4-6a05f1c71ca67\" class=\"forminator-checkbox forminator-checkbox-inline\"><input type=\"checkbox\" name=\"checkbox-1[]\" value=\"tcnico\" id=\"forminator-field-checkbox-1-4-6a05f1c71ca67\" data-calculation=\"0\"  \/><span aria-hidden=\"true\"><\/span><span>T\u00e9cnico<\/span><\/label><\/div><\/div><\/div><div class=\"forminator-row\"><div id=\"textarea-1\" class=\"forminator-col forminator-col-12 \"><div class=\"forminator-field\"><label for=\"forminator-field-textarea-1\" class=\"forminator-label\">Mensagem: <span class=\"forminator-required\">*<\/span><\/label><textarea name=\"textarea-1\" placeholder=\"Escreva sua mensagem\" id=\"forminator-field-textarea-1\" class=\"forminator-textarea\" height=\"50\" style=\"min-height:px;\" maxlength=\"180\" ><\/textarea><span class=\"forminator-description\"><span data-limit=\"180\" data-type=\"characters\">0 \/ 180<\/span><\/span><\/div><\/div><\/div><input type=\"hidden\" name=\"referer_url\" value=\"\" \/><div class=\"forminator-row forminator-row-last\"><div class=\"forminator-col\"><div id=\"submit\" class=\"forminator-field\"><button class=\"forminator-button forminator-button-submit\">Enviar<\/button><\/div><\/div><\/div><input type=\"hidden\" id=\"forminator_nonce\" name=\"forminator_nonce\" value=\"af96bc850f\" \/><input type=\"hidden\" name=\"_wp_http_referer\" value=\"\/index.php?rest_route=%2Fwp%2Fv2%2Fpages%2F120\" \/><input type=\"hidden\" name=\"form_id\" value=\"103\"><input type=\"hidden\" name=\"page_id\" value=\"120\"><input type=\"hidden\" name=\"form_type\" value=\"default\"><input type=\"hidden\" name=\"current_url\" value=\"http:\/\/starlinkinformatica.com.br\/?rest_route=%2Fwp%2Fv2%2Fpages%2F120\"><input type=\"hidden\" name=\"render_id\" value=\"0\"><input type=\"hidden\" name=\"action\" value=\"forminator_submit_form_custom-forms\"><\/form><\/div>\n\n\n\n<p><\/p>\n","protected":false},"excerpt":{"rendered":"<p>Gerencie o r\u00e1pido crescimento dos volumes, variedade e velocidade dos dados com ferramentas visuais que reduzem o tempo e a complexidade de constru\u00e7\u00e3o e manuten\u00e7\u00e3o de pipelines de dados anal\u00edticos. Fa\u00e7a a ingest\u00e3o de m\u00faltiplas fontes de dados para o seu Data Lake ou Datawarehouse, de maneira r\u00e1pida e eficiente. Escolha a Engine de execu\u00e7\u00e3o do seu Pipeline Analitico que melhor se adeque a sua necessidade, sem a altera\u00e7\u00e3o da sua regra de neg\u00f3cio. Crie, implante e monitore fluxos de dados de forma colaborativa para agilizar a entrega de dados. Integra\u00e7\u00e3o de dados acelerada Ampla conectividade para praticamente qualquer fonte\u2026<\/p>\n","protected":false},"author":1,"featured_media":121,"parent":0,"menu_order":0,"comment_status":"closed","ping_status":"closed","template":"","meta":[],"blocksy_meta":"","_links":{"self":[{"href":"http:\/\/starlinkinformatica.com.br\/index.php?rest_route=\/wp\/v2\/pages\/120"}],"collection":[{"href":"http:\/\/starlinkinformatica.com.br\/index.php?rest_route=\/wp\/v2\/pages"}],"about":[{"href":"http:\/\/starlinkinformatica.com.br\/index.php?rest_route=\/wp\/v2\/types\/page"}],"author":[{"embeddable":true,"href":"http:\/\/starlinkinformatica.com.br\/index.php?rest_route=\/wp\/v2\/users\/1"}],"replies":[{"embeddable":true,"href":"http:\/\/starlinkinformatica.com.br\/index.php?rest_route=%2Fwp%2Fv2%2Fcomments&post=120"}],"version-history":[{"count":1,"href":"http:\/\/starlinkinformatica.com.br\/index.php?rest_route=\/wp\/v2\/pages\/120\/revisions"}],"predecessor-version":[{"id":123,"href":"http:\/\/starlinkinformatica.com.br\/index.php?rest_route=\/wp\/v2\/pages\/120\/revisions\/123"}],"wp:featuredmedia":[{"embeddable":true,"href":"http:\/\/starlinkinformatica.com.br\/index.php?rest_route=\/wp\/v2\/media\/121"}],"wp:attachment":[{"href":"http:\/\/starlinkinformatica.com.br\/index.php?rest_route=%2Fwp%2Fv2%2Fmedia&parent=120"}],"curies":[{"name":"wp","href":"https:\/\/api.w.org\/{rel}","templated":true}]}}