{"id":111,"date":"2021-04-27T21:31:41","date_gmt":"2021-04-28T00:31:41","guid":{"rendered":"http:\/\/starlinkinformatica.com.br\/?page_id=111"},"modified":"2021-06-04T10:00:07","modified_gmt":"2021-06-04T13:00:07","slug":"licenciamento-de-software-alteryx","status":"publish","type":"page","link":"http:\/\/starlinkinformatica.com.br\/?page_id=111","title":{"rendered":"Analytic Process Automation (APA)"},"content":{"rendered":"\n<p>Uma plataforma que unifica an\u00e1lise, ci\u00eancia de dados e automa\u00e7\u00e3o de processos<\/p>\n\n\n\n<p>A\u00a0<a href=\"https:\/\/www.alteryx.com\/pt-br\/analytic-process-automation\/what-is-apa\">plataforma Alteryx Analytic Process Automation (APA)<\/a>\u00a0permite a automa\u00e7\u00e3o completa dos processos de an\u00e1lise, aprendizado de m\u00e1quina e ci\u00eancia de dados, possibilitando a agilidade necess\u00e1ria para acelerar a transforma\u00e7\u00e3o digital. Com a plataforma Alteryx APA voc\u00ea pode automatizar processos, incorporar decis\u00f5es inteligentes e empoderar as suas equipes para o fornecimento de resultados de neg\u00f3cios melhores e mais r\u00e1pidos.<\/p>\n\n\n\n<p>Ela permite que conjuntos otimizados de dados sejam gerados atrav\u00e9s do self-service data preparation, sendo code-free e code-friendly, coletando dado seja onde for, e apresentando os resultados na pr\u00f3pria solu\u00e7\u00e3o ou entregando dados para seu legado de TI, como ferramentas de visualiza\u00e7\u00e3o, sistema legados ou Data Lake, oferecendo para as empresas uma solu\u00e7\u00e3o abrangente para os seus projetos de analytics.<\/p>\n\n\n\n<p class=\"has-palette-color-3-color has-text-color\"><strong>V\u00c1 DOS DADOS BRUTOS PARA AS DESCOBERTAS E DECIS\u00d5ES EM QUEST\u00c3O DE MINUTOS<\/strong>.<\/p>\n\n\n\n<figure class=\"wp-block-image size-large\"><img loading=\"lazy\" width=\"1024\" height=\"403\" src=\"http:\/\/starlinkinformatica.com.br\/wp-content\/uploads\/2021\/04\/1-1024x403.jpg\" alt=\"\" class=\"wp-image-112\" srcset=\"http:\/\/starlinkinformatica.com.br\/wp-content\/uploads\/2021\/04\/1-1024x403.jpg 1024w, http:\/\/starlinkinformatica.com.br\/wp-content\/uploads\/2021\/04\/1-300x118.jpg 300w, http:\/\/starlinkinformatica.com.br\/wp-content\/uploads\/2021\/04\/1-768x303.jpg 768w, http:\/\/starlinkinformatica.com.br\/wp-content\/uploads\/2021\/04\/1.jpg 1439w\" sizes=\"(max-width: 1024px) 100vw, 1024px\" \/><\/figure>\n\n\n\n<p class=\"has-palette-color-5-color has-palette-color-1-background-color has-text-color has-background\">Otimize hoje mesmo o tratamento de informa\u00e7\u00f5es com o Alteryx. Entre em contato, nossos especialistas ir\u00e3o lhe mostrar como \u00e9 f\u00e1cil utilizar o Alteryx na sua empresa.<\/p>\n\n\n\n<div class=\"forminator-guttenberg\"><div class=\"forminator-ui forminator-custom-form forminator-custom-form-103 forminator-design--flat  forminator_ajax\" data-forminator-render=\"0\" data-form=\"forminator-module-103\"><br\/><\/div><form\n\t\t\t\tid=\"forminator-module-103\"\n\t\t\t\tclass=\"forminator-ui forminator-custom-form forminator-custom-form-103 forminator-design--flat  forminator_ajax\"\n\t\t\t\taction=\"\"\n\t\t\t\tmethod=\"post\"\n\t\t\t\tdata-forminator-render=\"0\"\n\t\t\t\tdata-form-id=\"103\"\n\t\t\t\t\n\t\t\t\tdata-design=\"flat\"\n\t\t\t\t\n\t\t\t\t\n\t\t\t\t\n\t\t\t\tdata-grid=\"open\"\n\t\t\t\t\n\t\t\t\t\n\t\t\t\tstyle=\"display: none;\"\n\t\t\t><div class=\"forminator-response-message forminator-error\" aria-hidden=\"true\"><\/div><div class=\"forminator-row\"><div id=\"name-1\" class=\"forminator-col forminator-col-12 \"><div class=\"forminator-field\"><label for=\"forminator-field-name-1\" class=\"forminator-label\">Nome: <span class=\"forminator-required\">*<\/span><\/label><input type=\"text\" name=\"name-1\" value=\"\" placeholder=\"E.x. \" id=\"forminator-field-name-1\" class=\"forminator-input forminator-name--field\" aria-required=\"true\" \/><\/div><\/div><\/div><div class=\"forminator-row\"><div id=\"name-3\" class=\"forminator-col forminator-col-12 \"><div class=\"forminator-field\"><label for=\"forminator-field-name-3\" class=\"forminator-label\">Empresa: <span class=\"forminator-required\">*<\/span><\/label><input type=\"text\" name=\"name-3\" value=\"\" placeholder=\"E.x. \" id=\"forminator-field-name-3\" class=\"forminator-input forminator-name--field\" aria-required=\"true\" \/><\/div><\/div><\/div><div class=\"forminator-row\"><div id=\"email-1\" class=\"forminator-col forminator-col-6 \"><div class=\"forminator-field\"><label for=\"forminator-field-email-1\" class=\"forminator-label\">E-mail: <span class=\"forminator-required\">*<\/span><\/label><input type=\"email\" name=\"email-1\" value=\"\" placeholder=\"@.com\" id=\"forminator-field-email-1\" class=\"forminator-input forminator-email--field\" data-required=\"true\" aria-required=\"true\" \/><\/div><\/div><div id=\"phone-1\" class=\"forminator-col forminator-col-6 \"><div class=\"forminator-field\"><label for=\"forminator-field-phone-1\" class=\"forminator-label\">Telefone: <span class=\"forminator-required\">*<\/span><\/label><input type=\"text\" name=\"phone-1\" value=\"\" placeholder=\"+55 (11) 0000-0000\" id=\"forminator-field-phone-1\" class=\"forminator-input forminator-field--phone\" data-required=\"1\" aria-required=\"true\" autocomplete=\"off\" \/><\/div><\/div><\/div><div class=\"forminator-row\"><div id=\"checkbox-1\" class=\"forminator-col forminator-col-12 \"><div class=\"forminator-field\"><label class=\"forminator-label\">Assunto:<\/label><label for=\"forminator-field-checkbox-1-1-6a05f17d4ded0\" class=\"forminator-checkbox forminator-checkbox-inline\"><input type=\"checkbox\" name=\"checkbox-1[]\" value=\"produtos\" id=\"forminator-field-checkbox-1-1-6a05f17d4ded0\" data-calculation=\"0\"  \/><span aria-hidden=\"true\"><\/span><span>Produtos<\/span><\/label><label for=\"forminator-field-checkbox-1-2-6a05f17d4ded0\" class=\"forminator-checkbox forminator-checkbox-inline\"><input type=\"checkbox\" name=\"checkbox-1[]\" value=\"sugestes\" id=\"forminator-field-checkbox-1-2-6a05f17d4ded0\" data-calculation=\"0\"  \/><span aria-hidden=\"true\"><\/span><span>Sugest\u00f5es<\/span><\/label><label for=\"forminator-field-checkbox-1-3-6a05f17d4ded0\" class=\"forminator-checkbox forminator-checkbox-inline\"><input type=\"checkbox\" name=\"checkbox-1[]\" value=\"parcerias\" id=\"forminator-field-checkbox-1-3-6a05f17d4ded0\" data-calculation=\"0\"  \/><span aria-hidden=\"true\"><\/span><span>Parcerias<\/span><\/label><label for=\"forminator-field-checkbox-1-4-6a05f17d4ded0\" class=\"forminator-checkbox forminator-checkbox-inline\"><input type=\"checkbox\" name=\"checkbox-1[]\" value=\"tcnico\" id=\"forminator-field-checkbox-1-4-6a05f17d4ded0\" data-calculation=\"0\"  \/><span aria-hidden=\"true\"><\/span><span>T\u00e9cnico<\/span><\/label><\/div><\/div><\/div><div class=\"forminator-row\"><div id=\"textarea-1\" class=\"forminator-col forminator-col-12 \"><div class=\"forminator-field\"><label for=\"forminator-field-textarea-1\" class=\"forminator-label\">Mensagem: <span class=\"forminator-required\">*<\/span><\/label><textarea name=\"textarea-1\" placeholder=\"Escreva sua mensagem\" id=\"forminator-field-textarea-1\" class=\"forminator-textarea\" height=\"50\" style=\"min-height:px;\" maxlength=\"180\" ><\/textarea><span class=\"forminator-description\"><span data-limit=\"180\" data-type=\"characters\">0 \/ 180<\/span><\/span><\/div><\/div><\/div><input type=\"hidden\" name=\"referer_url\" value=\"\" \/><div class=\"forminator-row forminator-row-last\"><div class=\"forminator-col\"><div id=\"submit\" class=\"forminator-field\"><button class=\"forminator-button forminator-button-submit\">Enviar<\/button><\/div><\/div><\/div><input type=\"hidden\" id=\"forminator_nonce\" name=\"forminator_nonce\" value=\"af96bc850f\" \/><input type=\"hidden\" name=\"_wp_http_referer\" value=\"\/index.php?rest_route=%2Fwp%2Fv2%2Fpages%2F111\" \/><input type=\"hidden\" name=\"form_id\" value=\"103\"><input type=\"hidden\" name=\"page_id\" value=\"111\"><input type=\"hidden\" name=\"form_type\" value=\"default\"><input type=\"hidden\" name=\"current_url\" value=\"http:\/\/starlinkinformatica.com.br\/?rest_route=%2Fwp%2Fv2%2Fpages%2F111\"><input type=\"hidden\" name=\"render_id\" value=\"0\"><input type=\"hidden\" name=\"action\" value=\"forminator_submit_form_custom-forms\"><\/form><\/div>\n\n\n\n<p><\/p>\n","protected":false},"excerpt":{"rendered":"<p>Uma plataforma que unifica an\u00e1lise, ci\u00eancia de dados e automa\u00e7\u00e3o de processos A\u00a0plataforma Alteryx Analytic Process Automation (APA)\u00a0permite a automa\u00e7\u00e3o completa dos processos de an\u00e1lise, aprendizado de m\u00e1quina e ci\u00eancia de dados, possibilitando a agilidade necess\u00e1ria para acelerar a transforma\u00e7\u00e3o digital. Com a plataforma Alteryx APA voc\u00ea pode automatizar processos, incorporar decis\u00f5es inteligentes e empoderar as suas equipes para o fornecimento de resultados de neg\u00f3cios melhores e mais r\u00e1pidos. Ela permite que conjuntos otimizados de dados sejam gerados atrav\u00e9s do self-service data preparation, sendo code-free e code-friendly, coletando dado seja onde for, e apresentando os resultados na pr\u00f3pria solu\u00e7\u00e3o ou\u2026<\/p>\n","protected":false},"author":1,"featured_media":113,"parent":0,"menu_order":0,"comment_status":"closed","ping_status":"closed","template":"","meta":[],"blocksy_meta":"","_links":{"self":[{"href":"http:\/\/starlinkinformatica.com.br\/index.php?rest_route=\/wp\/v2\/pages\/111"}],"collection":[{"href":"http:\/\/starlinkinformatica.com.br\/index.php?rest_route=\/wp\/v2\/pages"}],"about":[{"href":"http:\/\/starlinkinformatica.com.br\/index.php?rest_route=\/wp\/v2\/types\/page"}],"author":[{"embeddable":true,"href":"http:\/\/starlinkinformatica.com.br\/index.php?rest_route=\/wp\/v2\/users\/1"}],"replies":[{"embeddable":true,"href":"http:\/\/starlinkinformatica.com.br\/index.php?rest_route=%2Fwp%2Fv2%2Fcomments&post=111"}],"version-history":[{"count":4,"href":"http:\/\/starlinkinformatica.com.br\/index.php?rest_route=\/wp\/v2\/pages\/111\/revisions"}],"predecessor-version":[{"id":608,"href":"http:\/\/starlinkinformatica.com.br\/index.php?rest_route=\/wp\/v2\/pages\/111\/revisions\/608"}],"wp:featuredmedia":[{"embeddable":true,"href":"http:\/\/starlinkinformatica.com.br\/index.php?rest_route=\/wp\/v2\/media\/113"}],"wp:attachment":[{"href":"http:\/\/starlinkinformatica.com.br\/index.php?rest_route=%2Fwp%2Fv2%2Fmedia&parent=111"}],"curies":[{"name":"wp","href":"https:\/\/api.w.org\/{rel}","templated":true}]}}